{"id":585,"date":"2014-03-06T14:37:00","date_gmt":"2014-03-06T13:37:00","guid":{"rendered":"https:\/\/www.eporedia.com\/security-consultancy\/"},"modified":"2019-07-09T14:06:38","modified_gmt":"2019-07-09T13:06:38","slug":"consultoria-de-seguridad","status":"publish","type":"page","link":"https:\/\/www.eporedia.com\/es\/consultoria-de-seguridad\/","title":{"rendered":"Consultor\u00eca de Seguridad"},"content":{"rendered":"\n<div class=\"wp-block-uagb-section uagb-section__wrap uagb-section__background-image\" id=\"uagb-section-59363992-5848-40bc-bc5d-bc20394c9c7c\"><div class=\"uagb-section__overlay\"><\/div><div class=\"uagb-section__inner-wrap\">\n<div class=\"wp-block-uagb-advanced-heading\" id=\"uagb-adv-heading-1953d679-10cd-4edc-8093-dea7d1401eea\"><h1 class=\"uagb-heading-text\"><strong>CONSULTOR\u00ccA DE SEGURIDAD<\/strong><\/h1><p class=\"uagb-desc-text\"><\/p><\/div>\n\n\n\n<p><\/p>\n<\/div><\/div>\n\n\n\n<section class=\"wp-block-uagb-section uagb-section__wrap uagb-section__background-undefined\" id=\"uagb-section-87bba831-1ba7-4011-a9b7-e0f957baa196\"><div class=\"uagb-section__overlay\"><\/div><div class=\"uagb-section__inner-wrap\">\n<div style=\"height:50px\" aria-hidden=\"true\" class=\"wp-block-spacer\"><\/div>\n\n\n\n<p>Sobre la base de una amplia experiencia pr\u00e1ctica de la prestaci\u00f3n de servicios t\u00e9cnicos de seguridad, dentro de las grandes organizaciones de transporte, nuestro equipo de Consultores entiende las complejidades de garantizar la Seguridad Inform\u00e1tica, sin comprometer la eficacia de las operaciones. Tenemos un profundo conocimiento de los sistemas espec\u00edficos de la industria y las herramientas de gesti\u00f3n, estamos acostumbrados a la mitigaci\u00f3n de los inherentes riesgos de seguridad en todas las \u00e1reas, incluyendo la venta o expedici\u00f3n de tiquetes entre redes y lo m\u00e1s importante, puede basarse en la experiencia pasada y una metodolog\u00eda probada para identificar r\u00e1pidamente las \u00e1reas de vulnerabilidad dentro de su negocio.<\/p>\n\n\n\n<p>Nuestros servicios pueden variar desde los compromisos a corto plazo, enfocados hacia determinados servicios t\u00e9cnicos, tales como: el an\u00e1lisis de las deficiencias en la preparaci\u00f3n para lograr el cumplimiento de <span style=\"text-decoration: underline;\">PCI DSS<\/span> hasta los compromisos a mediano plazo, como ayudar a nuestros clientes a incorporar la seguridad en sus procesos est\u00e1ndar o hasta los compromisos a m\u00e1s largo plazo donde los expertos apropiados est\u00e1n involucrados dentro de la organizaci\u00f3n del cliente para prestar asesoramiento especializado de manera regular en asuntos de seguridad a medida que surjan.<\/p>\n\n\n\n<p><strong> Nuestras principales \u00e1reas de especializaci\u00f3n incluyen: <\/strong><\/p>\n\n\n\n<div class=\"wp-block-image\"><figure class=\"alignright is-resized\"><img loading=\"lazy\" decoding=\"async\" src=\"\/wp-content\/uploads\/2014\/03\/security2.jpg\" alt=\"\" class=\"wp-image-25170\" width=\"294\" height=\"236\"\/><\/figure><\/div>\n\n\n\n<ul class=\"wp-block-list\"><li><strong>Consultor\u00eda PCI DSS &nbsp;<\/strong><\/li><li><strong>Certificaci\u00f3n de la Norma ISO 27001<\/strong><\/li><li><strong>HMG \/ MOD \u2013 CLAS<\/strong><\/li><li><strong> Pruebas de Penetraci\u00f3n<\/strong><\/li><li><strong> Arquitectura de seguridad<\/strong><\/li><li><strong> Desarrollo de Aplicaciones Seguras<\/strong><\/li><li><strong>Auditor\u00eda<\/strong><\/li><li><strong>Pol\u00edtica y Procedimientos de Seguridad<\/strong><\/li><\/ul>\n\n\n\n<p><\/p>\n<\/div><\/section>\n\n\n\n<div style=\"height:50px\" aria-hidden=\"true\" class=\"wp-block-spacer\"><\/div>\n\n\n\n<p><\/p>\n","protected":false},"excerpt":{"rendered":"","protected":false},"author":4,"featured_media":0,"parent":0,"menu_order":0,"comment_status":"closed","ping_status":"closed","template":"","meta":{"_uag_custom_page_level_css":"","_monsterinsights_skip_tracking":false,"_monsterinsights_sitenote_active":false,"_monsterinsights_sitenote_note":"","_monsterinsights_sitenote_category":0,"site-sidebar-layout":"default","site-content-layout":"page-builder","ast-site-content-layout":"full-width-container","site-content-style":"unboxed","site-sidebar-style":"unboxed","ast-global-header-display":"","ast-banner-title-visibility":"","ast-main-header-display":"","ast-hfb-above-header-display":"","ast-hfb-below-header-display":"","ast-hfb-mobile-header-display":"","site-post-title":"disabled","ast-breadcrumbs-content":"","ast-featured-img":"","footer-sml-layout":"","ast-disable-related-posts":"","theme-transparent-header-meta":"enabled","adv-header-id-meta":"","stick-header-meta":"","header-above-stick-meta":"","header-main-stick-meta":"","header-below-stick-meta":"","astra-migrate-meta-layouts":"default","ast-page-background-enabled":"default","ast-page-background-meta":{"desktop":{"background-color":"","background-image":"","background-repeat":"repeat","background-position":"center center","background-size":"auto","background-attachment":"scroll","background-type":"","background-media":"","overlay-type":"","overlay-color":"","overlay-opacity":"","overlay-gradient":""},"tablet":{"background-color":"","background-image":"","background-repeat":"repeat","background-position":"center center","background-size":"auto","background-attachment":"scroll","background-type":"","background-media":"","overlay-type":"","overlay-color":"","overlay-opacity":"","overlay-gradient":""},"mobile":{"background-color":"","background-image":"","background-repeat":"repeat","background-position":"center center","background-size":"auto","background-attachment":"scroll","background-type":"","background-media":"","overlay-type":"","overlay-color":"","overlay-opacity":"","overlay-gradient":""}},"ast-content-background-meta":{"desktop":{"background-color":"var(--ast-global-color-5)","background-image":"","background-repeat":"repeat","background-position":"center center","background-size":"auto","background-attachment":"scroll","background-type":"","background-media":"","overlay-type":"","overlay-color":"","overlay-opacity":"","overlay-gradient":""},"tablet":{"background-color":"var(--ast-global-color-5)","background-image":"","background-repeat":"repeat","background-position":"center center","background-size":"auto","background-attachment":"scroll","background-type":"","background-media":"","overlay-type":"","overlay-color":"","overlay-opacity":"","overlay-gradient":""},"mobile":{"background-color":"var(--ast-global-color-5)","background-image":"","background-repeat":"repeat","background-position":"center center","background-size":"auto","background-attachment":"scroll","background-type":"","background-media":"","overlay-type":"","overlay-color":"","overlay-opacity":"","overlay-gradient":""}},"footnotes":""},"class_list":["post-585","page","type-page","status-publish","hentry"],"yoast_head":"<!-- This site is optimized with the Yoast SEO plugin v27.2 - https:\/\/yoast.com\/product\/yoast-seo-wordpress\/ -->\n<title>Consultor\u00eca de Seguridad - Eporedia<\/title>\n<meta name=\"description\" content=\"Sobre la base de una amplia experiencia pr\u00e1ctica de la prestaci\u00f3n de servicios t\u00e9cnicos de seguridad, dentro de las grandes organizaciones de transporte, nuestro equipo de Consultores entiende las complejidades de garantizar la Seguridad Inform\u00e1tica, sin comprometer la eficacia de las operaciones\" \/>\n<meta name=\"robots\" content=\"index, follow, max-snippet:-1, max-image-preview:large, max-video-preview:-1\" \/>\n<link rel=\"canonical\" href=\"https:\/\/www.eporedia.com\/es\/consultoria-de-seguridad\/\" \/>\n<meta property=\"og:locale\" content=\"es_ES\" \/>\n<meta property=\"og:type\" content=\"article\" \/>\n<meta property=\"og:title\" content=\"Consultor\u00eca de Seguridad - Eporedia\" \/>\n<meta property=\"og:description\" content=\"Sobre la base de una amplia experiencia pr\u00e1ctica de la prestaci\u00f3n de servicios t\u00e9cnicos de seguridad, dentro de las grandes organizaciones de transporte, nuestro equipo de Consultores entiende las complejidades de garantizar la Seguridad Inform\u00e1tica, sin comprometer la eficacia de las operaciones\" \/>\n<meta property=\"og:url\" content=\"https:\/\/www.eporedia.com\/es\/consultoria-de-seguridad\/\" \/>\n<meta property=\"og:site_name\" content=\"Eporedia\" \/>\n<meta property=\"article:modified_time\" content=\"2019-07-09T13:06:38+00:00\" \/>\n<meta property=\"og:image\" content=\"https:\/\/www.eporedia.com\/wp-content\/uploads\/2014\/03\/security2.jpg\" \/>\n<meta name=\"twitter:label1\" content=\"Tiempo de lectura\" \/>\n\t<meta name=\"twitter:data1\" content=\"1 minuto\" \/>\n<script type=\"application\/ld+json\" class=\"yoast-schema-graph\">{\"@context\":\"https:\/\/schema.org\",\"@graph\":[{\"@type\":\"WebPage\",\"@id\":\"https:\/\/www.eporedia.com\/es\/consultoria-de-seguridad\/\",\"url\":\"https:\/\/www.eporedia.com\/es\/consultoria-de-seguridad\/\",\"name\":\"Consultor\u00eca de Seguridad - Eporedia\",\"isPartOf\":{\"@id\":\"https:\/\/www.eporedia.com\/es\/#website\"},\"datePublished\":\"2014-03-06T13:37:00+00:00\",\"dateModified\":\"2019-07-09T13:06:38+00:00\",\"description\":\"Sobre la base de una amplia experiencia pr\u00e1ctica de la prestaci\u00f3n de servicios t\u00e9cnicos de seguridad, dentro de las grandes organizaciones de transporte, nuestro equipo de Consultores entiende las complejidades de garantizar la Seguridad Inform\u00e1tica, sin comprometer la eficacia de las operaciones\",\"breadcrumb\":{\"@id\":\"https:\/\/www.eporedia.com\/es\/consultoria-de-seguridad\/#breadcrumb\"},\"inLanguage\":\"es\",\"potentialAction\":[{\"@type\":\"ReadAction\",\"target\":[\"https:\/\/www.eporedia.com\/es\/consultoria-de-seguridad\/\"]}]},{\"@type\":\"BreadcrumbList\",\"@id\":\"https:\/\/www.eporedia.com\/es\/consultoria-de-seguridad\/#breadcrumb\",\"itemListElement\":[{\"@type\":\"ListItem\",\"position\":1,\"name\":\"Home\",\"item\":\"https:\/\/www.eporedia.com\/es\/\"},{\"@type\":\"ListItem\",\"position\":2,\"name\":\"Consultor\u00eca de Seguridad\"}]},{\"@type\":\"WebSite\",\"@id\":\"https:\/\/www.eporedia.com\/es\/#website\",\"url\":\"https:\/\/www.eporedia.com\/es\/\",\"name\":\"Eporedia\",\"description\":\"Your IT Security Partners\",\"publisher\":{\"@id\":\"https:\/\/www.eporedia.com\/es\/#organization\"},\"potentialAction\":[{\"@type\":\"SearchAction\",\"target\":{\"@type\":\"EntryPoint\",\"urlTemplate\":\"https:\/\/www.eporedia.com\/es\/?s={search_term_string}\"},\"query-input\":{\"@type\":\"PropertyValueSpecification\",\"valueRequired\":true,\"valueName\":\"search_term_string\"}}],\"inLanguage\":\"es\"},{\"@type\":\"Organization\",\"@id\":\"https:\/\/www.eporedia.com\/es\/#organization\",\"name\":\"Eporedia\",\"url\":\"https:\/\/www.eporedia.com\/es\/\",\"logo\":{\"@type\":\"ImageObject\",\"inLanguage\":\"es\",\"@id\":\"https:\/\/www.eporedia.com\/es\/#\/schema\/logo\/image\/\",\"url\":\"https:\/\/www.eporedia.com\/wp-content\/uploads\/2019\/06\/cropped-Logo_eporedia1-e1396441304476-1.png\",\"contentUrl\":\"https:\/\/www.eporedia.com\/wp-content\/uploads\/2019\/06\/cropped-Logo_eporedia1-e1396441304476-1.png\",\"width\":260,\"height\":73,\"caption\":\"Eporedia\"},\"image\":{\"@id\":\"https:\/\/www.eporedia.com\/es\/#\/schema\/logo\/image\/\"}}]}<\/script>\n<!-- \/ Yoast SEO plugin. -->","yoast_head_json":{"title":"Consultor\u00eca de Seguridad - Eporedia","description":"Sobre la base de una amplia experiencia pr\u00e1ctica de la prestaci\u00f3n de servicios t\u00e9cnicos de seguridad, dentro de las grandes organizaciones de transporte, nuestro equipo de Consultores entiende las complejidades de garantizar la Seguridad Inform\u00e1tica, sin comprometer la eficacia de las operaciones","robots":{"index":"index","follow":"follow","max-snippet":"max-snippet:-1","max-image-preview":"max-image-preview:large","max-video-preview":"max-video-preview:-1"},"canonical":"https:\/\/www.eporedia.com\/es\/consultoria-de-seguridad\/","og_locale":"es_ES","og_type":"article","og_title":"Consultor\u00eca de Seguridad - Eporedia","og_description":"Sobre la base de una amplia experiencia pr\u00e1ctica de la prestaci\u00f3n de servicios t\u00e9cnicos de seguridad, dentro de las grandes organizaciones de transporte, nuestro equipo de Consultores entiende las complejidades de garantizar la Seguridad Inform\u00e1tica, sin comprometer la eficacia de las operaciones","og_url":"https:\/\/www.eporedia.com\/es\/consultoria-de-seguridad\/","og_site_name":"Eporedia","article_modified_time":"2019-07-09T13:06:38+00:00","og_image":[{"url":"https:\/\/www.eporedia.com\/wp-content\/uploads\/2014\/03\/security2.jpg","type":"","width":"","height":""}],"twitter_misc":{"Tiempo de lectura":"1 minuto"},"schema":{"@context":"https:\/\/schema.org","@graph":[{"@type":"WebPage","@id":"https:\/\/www.eporedia.com\/es\/consultoria-de-seguridad\/","url":"https:\/\/www.eporedia.com\/es\/consultoria-de-seguridad\/","name":"Consultor\u00eca de Seguridad - Eporedia","isPartOf":{"@id":"https:\/\/www.eporedia.com\/es\/#website"},"datePublished":"2014-03-06T13:37:00+00:00","dateModified":"2019-07-09T13:06:38+00:00","description":"Sobre la base de una amplia experiencia pr\u00e1ctica de la prestaci\u00f3n de servicios t\u00e9cnicos de seguridad, dentro de las grandes organizaciones de transporte, nuestro equipo de Consultores entiende las complejidades de garantizar la Seguridad Inform\u00e1tica, sin comprometer la eficacia de las operaciones","breadcrumb":{"@id":"https:\/\/www.eporedia.com\/es\/consultoria-de-seguridad\/#breadcrumb"},"inLanguage":"es","potentialAction":[{"@type":"ReadAction","target":["https:\/\/www.eporedia.com\/es\/consultoria-de-seguridad\/"]}]},{"@type":"BreadcrumbList","@id":"https:\/\/www.eporedia.com\/es\/consultoria-de-seguridad\/#breadcrumb","itemListElement":[{"@type":"ListItem","position":1,"name":"Home","item":"https:\/\/www.eporedia.com\/es\/"},{"@type":"ListItem","position":2,"name":"Consultor\u00eca de Seguridad"}]},{"@type":"WebSite","@id":"https:\/\/www.eporedia.com\/es\/#website","url":"https:\/\/www.eporedia.com\/es\/","name":"Eporedia","description":"Your IT Security Partners","publisher":{"@id":"https:\/\/www.eporedia.com\/es\/#organization"},"potentialAction":[{"@type":"SearchAction","target":{"@type":"EntryPoint","urlTemplate":"https:\/\/www.eporedia.com\/es\/?s={search_term_string}"},"query-input":{"@type":"PropertyValueSpecification","valueRequired":true,"valueName":"search_term_string"}}],"inLanguage":"es"},{"@type":"Organization","@id":"https:\/\/www.eporedia.com\/es\/#organization","name":"Eporedia","url":"https:\/\/www.eporedia.com\/es\/","logo":{"@type":"ImageObject","inLanguage":"es","@id":"https:\/\/www.eporedia.com\/es\/#\/schema\/logo\/image\/","url":"https:\/\/www.eporedia.com\/wp-content\/uploads\/2019\/06\/cropped-Logo_eporedia1-e1396441304476-1.png","contentUrl":"https:\/\/www.eporedia.com\/wp-content\/uploads\/2019\/06\/cropped-Logo_eporedia1-e1396441304476-1.png","width":260,"height":73,"caption":"Eporedia"},"image":{"@id":"https:\/\/www.eporedia.com\/es\/#\/schema\/logo\/image\/"}}]}},"uagb_featured_image_src":{"full":false,"thumbnail":false,"medium":false,"medium_large":false,"large":false,"1536x1536":false,"2048x2048":false},"uagb_author_info":{"display_name":"admin_eporedia","author_link":"https:\/\/www.eporedia.com\/es\/author\/admin_eporedia\/"},"uagb_comment_info":0,"uagb_excerpt":null,"_links":{"self":[{"href":"https:\/\/www.eporedia.com\/es\/wp-json\/wp\/v2\/pages\/585","targetHints":{"allow":["GET"]}}],"collection":[{"href":"https:\/\/www.eporedia.com\/es\/wp-json\/wp\/v2\/pages"}],"about":[{"href":"https:\/\/www.eporedia.com\/es\/wp-json\/wp\/v2\/types\/page"}],"author":[{"embeddable":true,"href":"https:\/\/www.eporedia.com\/es\/wp-json\/wp\/v2\/users\/4"}],"replies":[{"embeddable":true,"href":"https:\/\/www.eporedia.com\/es\/wp-json\/wp\/v2\/comments?post=585"}],"version-history":[{"count":13,"href":"https:\/\/www.eporedia.com\/es\/wp-json\/wp\/v2\/pages\/585\/revisions"}],"predecessor-version":[{"id":968,"href":"https:\/\/www.eporedia.com\/es\/wp-json\/wp\/v2\/pages\/585\/revisions\/968"}],"wp:attachment":[{"href":"https:\/\/www.eporedia.com\/es\/wp-json\/wp\/v2\/media?parent=585"}],"curies":[{"name":"wp","href":"https:\/\/api.w.org\/{rel}","templated":true}]}}