{"id":592,"date":"2014-04-02T12:07:05","date_gmt":"2014-04-02T11:07:05","guid":{"rendered":"https:\/\/www.eporedia.com\/eporedia\/"},"modified":"2019-07-09T11:10:08","modified_gmt":"2019-07-09T10:10:08","slug":"eporedia","status":"publish","type":"page","link":"https:\/\/www.eporedia.com\/es\/","title":{"rendered":"Eporedia"},"content":{"rendered":"\n<header class=\"wp-block-uagb-section uagb-section__wrap uagb-section__background-image\" id=\"uagb-section-fc8ffba8-1fe3-4423-9ebd-157666fa28d5\"><div class=\"uagb-section__overlay\"><\/div><div class=\"uagb-section__inner-wrap\">\n<div class=\"wp-block-columns has-2-columns is-layout-flex wp-container-core-columns-is-layout-28f84493 wp-block-columns-is-layout-flex\">\n<div class=\"wp-block-column is-layout-flow wp-block-column-is-layout-flow\">\n<p><\/p>\n<\/div>\n\n\n\n<div class=\"wp-block-column is-layout-flow wp-block-column-is-layout-flow\">\n<p><\/p>\n<\/div>\n<\/div>\n<\/div><\/header>\n\n\n\n<section class=\"wp-block-uagb-section uagb-section__wrap uagb-section__background-undefined\" id=\"uagb-section-e717b26c-7a15-4748-9740-eaff5a91fcea\"><div class=\"uagb-section__overlay\"><\/div><div class=\"uagb-section__inner-wrap\">\n<div style=\"height:50px\" aria-hidden=\"true\" class=\"wp-block-spacer\"><\/div>\n\n\n\n<div class=\"wp-block-columns has-3-columns is-layout-flex wp-container-core-columns-is-layout-28f84493 wp-block-columns-is-layout-flex\">\n<div class=\"wp-block-column is-layout-flow wp-block-column-is-layout-flow\">\n<section class=\"wp-block-uagb-section uagb-section__wrap uagb-section__background-image bring-to-top\" id=\"uagb-section-dcba9401-016e-4519-8010-08a945fea4aa\"><div class=\"uagb-section__overlay\"><\/div><div class=\"uagb-section__inner-wrap\">\n<div class=\"uagb-infobox__outer-wrap\" id=\"uagb-infobox-33357dda-3e9d-4134-9650-315ba2f4f271\"><div class=\"uagb-infobox__content-wrap uagb-infobox uagb-infobox-has-image uagb-infobox-icon-below-title uagb-infobox-image-valign-top uagb-infobox-enable-border-radius \"><div class=\"uagb-ifb-left-right-wrap\"><div class=\"uagb-ifb-content\"><div class=\"uagb-ifb-title-wrap\"><h3 class=\"uagb-ifb-title\"> PCI DSS QSA <\/h3><\/div><div class=\"uagb-ifb-separator-parent\"><div class=\"uagb-ifb-separator\"><\/div><\/div><div class=\"uagb-ifb-image-icon-content uagb-ifb-imgicon-wrap\"><div class=\"uagb-ifb-image\"><div class=\"uagb-ifb-image-content\"><img decoding=\"async\" class=\"\" src=\"\/wp-content\/uploads\/2014\/03\/cc.jpg\" alt=\"\"\/><\/div><\/div><\/div><div class=\"uagb-ifb-text-wrap\"><p class=\"uagb-ifb-desc\"> Eporedia es un Asesor de Seguridad Calificado (QSA por su abreviatura en  ingl\u00e9s) aprobado y registrado ante el Consejo de Seguridad de Datos de  la Industria de Tarjetas de Pago. A trav\u00e9s de nuestra comprobada  experiencia, en la evaluaci\u00f3n de la Seguridad y la gesti\u00f3n de proyectos  dentro de un contexto apropiado de negocios, podemos [\u2026] <\/p><div class=\"uagb-ifb-cta uagb-infobox-cta-link-style\"><div class=\"uagb-ifb-button-wrapper\"><a href=\"https:\/\/www.eporedia.com\/es\/pci-dss-qsa\/\" class=\"uagb-infobox-cta-link uagb-ifb-cta-button\" target=\"_self\" rel=\"noopener noreferrer\"><span class=\"uagb-ifb-cta-content-wrapper\"><span class=\"uagb-inline-editing \">Leer m\u00e0s<\/span><\/span><\/a><\/div><\/div><\/div><\/div><\/div><\/div><\/div>\n<\/div><\/section>\n<\/div>\n\n\n\n<div class=\"wp-block-column is-layout-flow wp-block-column-is-layout-flow\">\n<section class=\"wp-block-uagb-section uagb-section__wrap uagb-section__background-image bring-to-top\" id=\"uagb-section-d7d7c595-d9a2-4872-ad3a-97125a2974b8\"><div class=\"uagb-section__overlay\"><\/div><div class=\"uagb-section__inner-wrap\">\n<div class=\"uagb-infobox__outer-wrap\" id=\"uagb-infobox-68a88578-d3ea-4e51-bcb0-dac5287f8d34\"><div class=\"uagb-infobox__content-wrap uagb-infobox uagb-infobox-has-image uagb-infobox-icon-below-title uagb-infobox-image-valign-top uagb-infobox-enable-border-radius \"><div class=\"uagb-ifb-left-right-wrap\"><div class=\"uagb-ifb-content\"><div class=\"uagb-ifb-title-wrap\"><h3 class=\"uagb-ifb-title\">   Consultor\u00eda de Seguridad     <\/h3><\/div><div class=\"uagb-ifb-separator-parent\"><div class=\"uagb-ifb-separator\"><\/div><\/div><div class=\"uagb-ifb-image-icon-content uagb-ifb-imgicon-wrap\"><div class=\"uagb-ifb-image\"><div class=\"uagb-ifb-image-content\"><img decoding=\"async\" class=\"\" src=\"\/wp-content\/uploads\/2014\/06\/top-image.jpg\" alt=\"\"\/><\/div><\/div><\/div><div class=\"uagb-ifb-text-wrap\"><p class=\"uagb-ifb-desc\">Sobre la base de una amplia experiencia pr\u00e1ctica de la prestaci\u00f3n de  servicios t\u00e9cnicos de seguridad, dentro de las grandes organizaciones de  transporte, nuestro equipo de Consultores entiende las complejidades de  garantizar la Seguridad Inform\u00e1tica, sin comprometer  la       [\u2026]<\/p><div class=\"uagb-ifb-cta uagb-infobox-cta-link-style\"><div class=\"uagb-ifb-button-wrapper\"><a href=\"https:\/\/www.eporedia.com\/es\/consultoria-de-seguridad\/\" class=\"uagb-infobox-cta-link uagb-ifb-cta-button\" target=\"_self\" rel=\"noopener noreferrer\"><span class=\"uagb-ifb-cta-content-wrapper\"><span class=\"uagb-inline-editing \">Leer m\u00e0s<\/span><\/span><\/a><\/div><\/div><\/div><\/div><\/div><\/div><\/div>\n<\/div><\/section>\n<\/div>\n\n\n\n<div class=\"wp-block-column is-layout-flow wp-block-column-is-layout-flow\">\n<section class=\"wp-block-uagb-section uagb-section__wrap uagb-section__background-image bring-to-top\" id=\"uagb-section-4f3f313c-3ed0-49ed-b3ac-6fe4143ec053\"><div class=\"uagb-section__overlay\"><\/div><div class=\"uagb-section__inner-wrap\">\n<div class=\"uagb-infobox__outer-wrap\" id=\"uagb-infobox-033212f3-d4b6-4b21-a2bc-55ff5847d7c2\"><div class=\"uagb-infobox__content-wrap uagb-infobox uagb-infobox-has-image uagb-infobox-icon-below-title uagb-infobox-image-valign-top uagb-infobox-enable-border-radius \"><div class=\"uagb-ifb-left-right-wrap\"><div class=\"uagb-ifb-content\"><div class=\"uagb-ifb-title-wrap\"><h3 class=\"uagb-ifb-title\">  Suministro de Recursos  <\/h3><\/div><div class=\"uagb-ifb-separator-parent\"><div class=\"uagb-ifb-separator\"><\/div><\/div><div class=\"uagb-ifb-image-icon-content uagb-ifb-imgicon-wrap\"><div class=\"uagb-ifb-image\"><div class=\"uagb-ifb-image-content\"><img decoding=\"async\" class=\"\" src=\"\/wp-content\/uploads\/2015\/02\/iStock_000016472585XSmall.jpg\" alt=\"\"\/><\/div><\/div><\/div><div class=\"uagb-ifb-text-wrap\"><p class=\"uagb-ifb-desc\"> Adem\u00e1s de ejecutar proyectos de seguridad exitosos, Eporedia ofrece una  amplia gama de recursos especializados y Servidores SME a sus clientes  de confianza. Actualmente contamos con una serie de ofertas de empleo,  tanto en nuestros equipos de proyectos de seguridad y como parte de     [\u2026]  <\/p><div class=\"uagb-ifb-cta uagb-infobox-cta-link-style\"><div class=\"uagb-ifb-button-wrapper\"><a href=\"https:\/\/www.eporedia.com\/es\/suministro-de-recursos\/\" class=\"uagb-infobox-cta-link uagb-ifb-cta-button\" target=\"_self\" rel=\"noopener noreferrer\"><span class=\"uagb-ifb-cta-content-wrapper\"><span class=\"uagb-inline-editing \">Leer m\u00e0s<\/span><\/span><\/a><\/div><\/div><\/div><\/div><\/div><\/div><\/div>\n<\/div><\/section>\n<\/div>\n<\/div>\n<\/div><\/section>\n\n\n\n<section class=\"wp-block-uagb-section uagb-section__wrap uagb-section__background-color\" id=\"uagb-section-dcb7e727-180a-45a9-8241-e9d6d5f6af82\"><div class=\"uagb-section__overlay\"><\/div><div class=\"uagb-section__inner-wrap\">\n<div class=\"wp-block-uagb-advanced-heading\" id=\"uagb-adv-heading-85fc53a2-2fa9-404a-ab32-75e9c5b36193\"><h3 class=\"uagb-heading-text\">   <a href=\"https:\/\/www.eporedia.com\/?lang=es\">Eporedia<\/a> <\/h3><p class=\"uagb-desc-text\"><\/p><\/div>\n\n\n\n<p>  Con la proliferaci\u00f3n del acceso a Internet, las aplicaciones  distribuidas a trav\u00e9s de redes de comunicaci\u00f3n aparentemente abiertas,  el continuo aumento en el comercio electr\u00f3nico y las transacciones\u2026 las  empresas de hoy, nunca han estado m\u00e1s expuestas al fraude electr\u00f3nico,  los ataques maliciosos o simplemente a los da\u00f1os perjudiciales.<\/p>\n\n\n\n<p>\nLos consultores de Eporedia est\u00e1n altamente capacitados para brindar \nasesor\u00eda t\u00e9cnica especializada, dentro de un contexto empresarial \nadecuado. Tenemos aprobaci\u00f3n del <strong>PCI DSS QSA<\/strong>&nbsp;y aprobaci\u00f3n bajo la norma de auditores <strong>ISO27001<\/strong>,\n de esta manera, al trabajar con nosotros usted sabe que tiene acceso a \nlos \u00faltimos avances en Inteligencia y Seguridad y a un amplio \nconocimiento de los requisitos reglamentarios actuales\n\n<\/p>\n\n\n\n<p><strong>La encuesta PWC&nbsp;del 2008 mostr\u00f3 un aumento de&nbsp;48% en  incidentes entre 2013 y 2014.&nbsp;El costo asociado con cada incidente para  las empresas peque\u00f1as ha subido hasta $600.000 USD en promedio. \u00bfPuede usted permitirse el lujo de ser el pr\u00f3ximo?<\/strong><\/p>\n\n\n\n<div style=\"height:30px\" aria-hidden=\"true\" class=\"wp-block-spacer\"><\/div>\n<\/div><\/section>\n","protected":false},"excerpt":{"rendered":"","protected":false},"author":4,"featured_media":0,"parent":0,"menu_order":0,"comment_status":"closed","ping_status":"open","template":"","meta":{"_uag_custom_page_level_css":"","_monsterinsights_skip_tracking":false,"_monsterinsights_sitenote_active":false,"_monsterinsights_sitenote_note":"","_monsterinsights_sitenote_category":0,"site-sidebar-layout":"default","site-content-layout":"page-builder","ast-site-content-layout":"full-width-container","site-content-style":"unboxed","site-sidebar-style":"unboxed","ast-global-header-display":"","ast-banner-title-visibility":"","ast-main-header-display":"","ast-hfb-above-header-display":"","ast-hfb-below-header-display":"","ast-hfb-mobile-header-display":"","site-post-title":"disabled","ast-breadcrumbs-content":"","ast-featured-img":"","footer-sml-layout":"","ast-disable-related-posts":"","theme-transparent-header-meta":"enabled","adv-header-id-meta":"","stick-header-meta":"","header-above-stick-meta":"","header-main-stick-meta":"","header-below-stick-meta":"","astra-migrate-meta-layouts":"default","ast-page-background-enabled":"default","ast-page-background-meta":{"desktop":{"background-color":"","background-image":"","background-repeat":"repeat","background-position":"center center","background-size":"auto","background-attachment":"scroll","background-type":"","background-media":"","overlay-type":"","overlay-color":"","overlay-opacity":"","overlay-gradient":""},"tablet":{"background-color":"","background-image":"","background-repeat":"repeat","background-position":"center center","background-size":"auto","background-attachment":"scroll","background-type":"","background-media":"","overlay-type":"","overlay-color":"","overlay-opacity":"","overlay-gradient":""},"mobile":{"background-color":"","background-image":"","background-repeat":"repeat","background-position":"center center","background-size":"auto","background-attachment":"scroll","background-type":"","background-media":"","overlay-type":"","overlay-color":"","overlay-opacity":"","overlay-gradient":""}},"ast-content-background-meta":{"desktop":{"background-color":"var(--ast-global-color-5)","background-image":"","background-repeat":"repeat","background-position":"center center","background-size":"auto","background-attachment":"scroll","background-type":"","background-media":"","overlay-type":"","overlay-color":"","overlay-opacity":"","overlay-gradient":""},"tablet":{"background-color":"var(--ast-global-color-5)","background-image":"","background-repeat":"repeat","background-position":"center center","background-size":"auto","background-attachment":"scroll","background-type":"","background-media":"","overlay-type":"","overlay-color":"","overlay-opacity":"","overlay-gradient":""},"mobile":{"background-color":"var(--ast-global-color-5)","background-image":"","background-repeat":"repeat","background-position":"center center","background-size":"auto","background-attachment":"scroll","background-type":"","background-media":"","overlay-type":"","overlay-color":"","overlay-opacity":"","overlay-gradient":""}},"footnotes":""},"class_list":["post-592","page","type-page","status-publish","hentry"],"yoast_head":"<!-- This site is optimized with the Yoast SEO plugin v27.2 - https:\/\/yoast.com\/product\/yoast-seo-wordpress\/ -->\n<title>Eporedia - Eporedia<\/title>\n<meta name=\"description\" content=\"Con la proliferaci\u00f3n del acceso a Internet, las aplicaciones distribuidas a trav\u00e9s de redes de comunicaci\u00f3n aparentemente abiertas, el continuo aumento en el comercio electr\u00f3nico y las transacciones\u2026 las empresas de hoy, nunca han estado m\u00e1s expuestas al fraude electr\u00f3nico, los ataques maliciosos o simplemente a los da\u00f1os perjudiciales.\" \/>\n<meta name=\"robots\" content=\"index, follow, max-snippet:-1, max-image-preview:large, max-video-preview:-1\" \/>\n<link rel=\"canonical\" href=\"https:\/\/www.eporedia.com\/es\/\" \/>\n<meta property=\"og:locale\" content=\"es_ES\" \/>\n<meta property=\"og:type\" content=\"article\" \/>\n<meta property=\"og:title\" content=\"Eporedia - Eporedia\" \/>\n<meta property=\"og:description\" content=\"Con la proliferaci\u00f3n del acceso a Internet, las aplicaciones distribuidas a trav\u00e9s de redes de comunicaci\u00f3n aparentemente abiertas, el continuo aumento en el comercio electr\u00f3nico y las transacciones\u2026 las empresas de hoy, nunca han estado m\u00e1s expuestas al fraude electr\u00f3nico, los ataques maliciosos o simplemente a los da\u00f1os perjudiciales.\" \/>\n<meta property=\"og:url\" content=\"https:\/\/www.eporedia.com\/es\/\" \/>\n<meta property=\"og:site_name\" content=\"Eporedia\" \/>\n<meta property=\"article:modified_time\" content=\"2019-07-09T10:10:08+00:00\" \/>\n<meta property=\"og:image\" content=\"https:\/\/www.eporedia.com\/wp-content\/uploads\/2014\/03\/cc.jpg\" \/>\n<meta name=\"twitter:label1\" content=\"Tiempo de lectura\" \/>\n\t<meta name=\"twitter:data1\" content=\"2 minutos\" \/>\n<script type=\"application\/ld+json\" class=\"yoast-schema-graph\">{\"@context\":\"https:\/\/schema.org\",\"@graph\":[{\"@type\":\"WebPage\",\"@id\":\"https:\/\/www.eporedia.com\/es\/\",\"url\":\"https:\/\/www.eporedia.com\/es\/\",\"name\":\"Eporedia - Eporedia\",\"isPartOf\":{\"@id\":\"https:\/\/www.eporedia.com\/es\/#website\"},\"datePublished\":\"2014-04-02T11:07:05+00:00\",\"dateModified\":\"2019-07-09T10:10:08+00:00\",\"description\":\"Con la proliferaci\u00f3n del acceso a Internet, las aplicaciones distribuidas a trav\u00e9s de redes de comunicaci\u00f3n aparentemente abiertas, el continuo aumento en el comercio electr\u00f3nico y las transacciones\u2026 las empresas de hoy, nunca han estado m\u00e1s expuestas al fraude electr\u00f3nico, los ataques maliciosos o simplemente a los da\u00f1os perjudiciales.\",\"breadcrumb\":{\"@id\":\"https:\/\/www.eporedia.com\/es\/#breadcrumb\"},\"inLanguage\":\"es\",\"potentialAction\":[{\"@type\":\"ReadAction\",\"target\":[\"https:\/\/www.eporedia.com\/es\/\"]}]},{\"@type\":\"BreadcrumbList\",\"@id\":\"https:\/\/www.eporedia.com\/es\/#breadcrumb\",\"itemListElement\":[{\"@type\":\"ListItem\",\"position\":1,\"name\":\"Home\",\"item\":\"https:\/\/www.eporedia.com\/es\/\"},{\"@type\":\"ListItem\",\"position\":2,\"name\":\"Eporedia\"}]},{\"@type\":\"WebSite\",\"@id\":\"https:\/\/www.eporedia.com\/es\/#website\",\"url\":\"https:\/\/www.eporedia.com\/es\/\",\"name\":\"Eporedia\",\"description\":\"Your IT Security Partners\",\"publisher\":{\"@id\":\"https:\/\/www.eporedia.com\/es\/#organization\"},\"potentialAction\":[{\"@type\":\"SearchAction\",\"target\":{\"@type\":\"EntryPoint\",\"urlTemplate\":\"https:\/\/www.eporedia.com\/es\/?s={search_term_string}\"},\"query-input\":{\"@type\":\"PropertyValueSpecification\",\"valueRequired\":true,\"valueName\":\"search_term_string\"}}],\"inLanguage\":\"es\"},{\"@type\":\"Organization\",\"@id\":\"https:\/\/www.eporedia.com\/es\/#organization\",\"name\":\"Eporedia\",\"url\":\"https:\/\/www.eporedia.com\/es\/\",\"logo\":{\"@type\":\"ImageObject\",\"inLanguage\":\"es\",\"@id\":\"https:\/\/www.eporedia.com\/es\/#\/schema\/logo\/image\/\",\"url\":\"https:\/\/www.eporedia.com\/wp-content\/uploads\/2019\/06\/cropped-Logo_eporedia1-e1396441304476-1.png\",\"contentUrl\":\"https:\/\/www.eporedia.com\/wp-content\/uploads\/2019\/06\/cropped-Logo_eporedia1-e1396441304476-1.png\",\"width\":260,\"height\":73,\"caption\":\"Eporedia\"},\"image\":{\"@id\":\"https:\/\/www.eporedia.com\/es\/#\/schema\/logo\/image\/\"}}]}<\/script>\n<!-- \/ Yoast SEO plugin. -->","yoast_head_json":{"title":"Eporedia - Eporedia","description":"Con la proliferaci\u00f3n del acceso a Internet, las aplicaciones distribuidas a trav\u00e9s de redes de comunicaci\u00f3n aparentemente abiertas, el continuo aumento en el comercio electr\u00f3nico y las transacciones\u2026 las empresas de hoy, nunca han estado m\u00e1s expuestas al fraude electr\u00f3nico, los ataques maliciosos o simplemente a los da\u00f1os perjudiciales.","robots":{"index":"index","follow":"follow","max-snippet":"max-snippet:-1","max-image-preview":"max-image-preview:large","max-video-preview":"max-video-preview:-1"},"canonical":"https:\/\/www.eporedia.com\/es\/","og_locale":"es_ES","og_type":"article","og_title":"Eporedia - Eporedia","og_description":"Con la proliferaci\u00f3n del acceso a Internet, las aplicaciones distribuidas a trav\u00e9s de redes de comunicaci\u00f3n aparentemente abiertas, el continuo aumento en el comercio electr\u00f3nico y las transacciones\u2026 las empresas de hoy, nunca han estado m\u00e1s expuestas al fraude electr\u00f3nico, los ataques maliciosos o simplemente a los da\u00f1os perjudiciales.","og_url":"https:\/\/www.eporedia.com\/es\/","og_site_name":"Eporedia","article_modified_time":"2019-07-09T10:10:08+00:00","og_image":[{"url":"https:\/\/www.eporedia.com\/wp-content\/uploads\/2014\/03\/cc.jpg","type":"","width":"","height":""}],"twitter_misc":{"Tiempo de lectura":"2 minutos"},"schema":{"@context":"https:\/\/schema.org","@graph":[{"@type":"WebPage","@id":"https:\/\/www.eporedia.com\/es\/","url":"https:\/\/www.eporedia.com\/es\/","name":"Eporedia - Eporedia","isPartOf":{"@id":"https:\/\/www.eporedia.com\/es\/#website"},"datePublished":"2014-04-02T11:07:05+00:00","dateModified":"2019-07-09T10:10:08+00:00","description":"Con la proliferaci\u00f3n del acceso a Internet, las aplicaciones distribuidas a trav\u00e9s de redes de comunicaci\u00f3n aparentemente abiertas, el continuo aumento en el comercio electr\u00f3nico y las transacciones\u2026 las empresas de hoy, nunca han estado m\u00e1s expuestas al fraude electr\u00f3nico, los ataques maliciosos o simplemente a los da\u00f1os perjudiciales.","breadcrumb":{"@id":"https:\/\/www.eporedia.com\/es\/#breadcrumb"},"inLanguage":"es","potentialAction":[{"@type":"ReadAction","target":["https:\/\/www.eporedia.com\/es\/"]}]},{"@type":"BreadcrumbList","@id":"https:\/\/www.eporedia.com\/es\/#breadcrumb","itemListElement":[{"@type":"ListItem","position":1,"name":"Home","item":"https:\/\/www.eporedia.com\/es\/"},{"@type":"ListItem","position":2,"name":"Eporedia"}]},{"@type":"WebSite","@id":"https:\/\/www.eporedia.com\/es\/#website","url":"https:\/\/www.eporedia.com\/es\/","name":"Eporedia","description":"Your IT Security Partners","publisher":{"@id":"https:\/\/www.eporedia.com\/es\/#organization"},"potentialAction":[{"@type":"SearchAction","target":{"@type":"EntryPoint","urlTemplate":"https:\/\/www.eporedia.com\/es\/?s={search_term_string}"},"query-input":{"@type":"PropertyValueSpecification","valueRequired":true,"valueName":"search_term_string"}}],"inLanguage":"es"},{"@type":"Organization","@id":"https:\/\/www.eporedia.com\/es\/#organization","name":"Eporedia","url":"https:\/\/www.eporedia.com\/es\/","logo":{"@type":"ImageObject","inLanguage":"es","@id":"https:\/\/www.eporedia.com\/es\/#\/schema\/logo\/image\/","url":"https:\/\/www.eporedia.com\/wp-content\/uploads\/2019\/06\/cropped-Logo_eporedia1-e1396441304476-1.png","contentUrl":"https:\/\/www.eporedia.com\/wp-content\/uploads\/2019\/06\/cropped-Logo_eporedia1-e1396441304476-1.png","width":260,"height":73,"caption":"Eporedia"},"image":{"@id":"https:\/\/www.eporedia.com\/es\/#\/schema\/logo\/image\/"}}]}},"uagb_featured_image_src":{"full":false,"thumbnail":false,"medium":false,"medium_large":false,"large":false,"1536x1536":false,"2048x2048":false},"uagb_author_info":{"display_name":"admin_eporedia","author_link":"https:\/\/www.eporedia.com\/es\/author\/admin_eporedia\/"},"uagb_comment_info":0,"uagb_excerpt":null,"_links":{"self":[{"href":"https:\/\/www.eporedia.com\/es\/wp-json\/wp\/v2\/pages\/592","targetHints":{"allow":["GET"]}}],"collection":[{"href":"https:\/\/www.eporedia.com\/es\/wp-json\/wp\/v2\/pages"}],"about":[{"href":"https:\/\/www.eporedia.com\/es\/wp-json\/wp\/v2\/types\/page"}],"author":[{"embeddable":true,"href":"https:\/\/www.eporedia.com\/es\/wp-json\/wp\/v2\/users\/4"}],"replies":[{"embeddable":true,"href":"https:\/\/www.eporedia.com\/es\/wp-json\/wp\/v2\/comments?post=592"}],"version-history":[{"count":9,"href":"https:\/\/www.eporedia.com\/es\/wp-json\/wp\/v2\/pages\/592\/revisions"}],"predecessor-version":[{"id":977,"href":"https:\/\/www.eporedia.com\/es\/wp-json\/wp\/v2\/pages\/592\/revisions\/977"}],"wp:attachment":[{"href":"https:\/\/www.eporedia.com\/es\/wp-json\/wp\/v2\/media?parent=592"}],"curies":[{"name":"wp","href":"https:\/\/api.w.org\/{rel}","templated":true}]}}