{"id":596,"date":"2014-03-28T15:20:25","date_gmt":"2014-03-28T14:20:25","guid":{"rendered":"https:\/\/www.eporedia.com\/hmg-mod-clas\/"},"modified":"2019-07-09T15:03:59","modified_gmt":"2019-07-09T14:03:59","slug":"hmg-mod-clas","status":"publish","type":"page","link":"https:\/\/www.eporedia.com\/es\/hmg-mod-clas\/","title":{"rendered":"HMG \/ MOD \u2013 CLAS"},"content":{"rendered":"\n<div class=\"wp-block-uagb-section uagb-section__wrap uagb-section__background-image\" id=\"uagb-section-8464bf2e-2e64-4365-af53-9727935d5d8b\"><div class=\"uagb-section__overlay\"><\/div><div class=\"uagb-section__inner-wrap\">\n<div class=\"wp-block-uagb-advanced-heading\" id=\"uagb-adv-heading-2ff627f3-af56-411c-a3c9-c321e45c9952\"><h1 class=\"uagb-heading-text\"><strong>HMG \/ MOD \u2013 CLAS<\/strong><\/h1><p class=\"uagb-desc-text\"><\/p><\/div>\n\n\n\n<p><\/p>\n<\/div><\/div>\n\n\n\n<section class=\"wp-block-uagb-section uagb-section__wrap uagb-section__background-undefined\" id=\"uagb-section-9b446708-6e82-4be7-a866-856fabb49eb9\"><div class=\"uagb-section__overlay\"><\/div><div class=\"uagb-section__inner-wrap\">\n<div style=\"height:50px\" aria-hidden=\"true\" class=\"wp-block-spacer\"><\/div>\n\n\n\n<p><strong>HMG \/ MOD \u2013 CLAS<\/strong><\/p>\n\n\n\n<p>Existe una creciente necesidad de la Seguridad de la Informaci\u00f3n dentro del sector p\u00fablico. Los mandatos y las pautas del Gabinete Ministerial, emitidas a ra\u00edz de varios incidentes de seguridad recientes, se a\u00f1aden a la enorme cantidad de legislaci\u00f3n de los departamentos gubernamentales con los que se tiene que cumplir. La necesidad de mantener la informaci\u00f3n segura tiene que ser equilibrada con los edictos de compartir datos a trav\u00e9s de gobiernos, organismos p\u00fablicos no departamentales y organismos independientes.<\/p>\n\n\n\n<div style=\"height:40px\" aria-hidden=\"true\" class=\"wp-block-spacer\"><\/div>\n\n\n\n<p>\n\nLos Consultores CLAS en Habilitaci\u00f3n de Seguridad de Eporedia pueden ayudar a lograr el cumplimiento de estos mandatos, adem\u00e1s de facilitar la acreditaci\u00f3n de los sistemas de Tecnolog\u00eda Inteligente de Terminaci\u00f3n (ICT por su abreviatura en ingl\u00e9s), el desarrollo de la pol\u00edtica y la certificaci\u00f3n seg\u00fan la norma ISO 27001. Con la experiencia de mantener los datos a un nivel ULTRA SECRETO, tanto con el gobierno como con el Ministerio de Defensa, los Consultores de Eporedia pueden contribuir a la aplicaci\u00f3n de una pol\u00edtica pragm\u00e1tica y rentable, satisfaciendo los requisitos establecidos por la Oficina del Gabinete y el Grupo de Seguridad en las Comunicaciones Electr\u00f3nicas (CESG por su abreviatura en ingl\u00e9s).\n\n<\/p>\n\n\n\n<div style=\"height:50px\" aria-hidden=\"true\" class=\"wp-block-spacer\"><\/div>\n\n\n\n<p><\/p>\n<\/div><\/section>\n","protected":false},"excerpt":{"rendered":"","protected":false},"author":4,"featured_media":0,"parent":0,"menu_order":0,"comment_status":"closed","ping_status":"open","template":"","meta":{"_uag_custom_page_level_css":"","_monsterinsights_skip_tracking":false,"_monsterinsights_sitenote_active":false,"_monsterinsights_sitenote_note":"","_monsterinsights_sitenote_category":0,"site-sidebar-layout":"default","site-content-layout":"page-builder","ast-site-content-layout":"default","site-content-style":"default","site-sidebar-style":"default","ast-global-header-display":"","ast-banner-title-visibility":"","ast-main-header-display":"","ast-hfb-above-header-display":"","ast-hfb-below-header-display":"","ast-hfb-mobile-header-display":"","site-post-title":"disabled","ast-breadcrumbs-content":"","ast-featured-img":"","footer-sml-layout":"","ast-disable-related-posts":"","theme-transparent-header-meta":"enabled","adv-header-id-meta":"","stick-header-meta":"","header-above-stick-meta":"","header-main-stick-meta":"","header-below-stick-meta":"","astra-migrate-meta-layouts":"default","ast-page-background-enabled":"default","ast-page-background-meta":{"desktop":{"background-color":"","background-image":"","background-repeat":"repeat","background-position":"center center","background-size":"auto","background-attachment":"scroll","background-type":"","background-media":"","overlay-type":"","overlay-color":"","overlay-opacity":"","overlay-gradient":""},"tablet":{"background-color":"","background-image":"","background-repeat":"repeat","background-position":"center center","background-size":"auto","background-attachment":"scroll","background-type":"","background-media":"","overlay-type":"","overlay-color":"","overlay-opacity":"","overlay-gradient":""},"mobile":{"background-color":"","background-image":"","background-repeat":"repeat","background-position":"center center","background-size":"auto","background-attachment":"scroll","background-type":"","background-media":"","overlay-type":"","overlay-color":"","overlay-opacity":"","overlay-gradient":""}},"ast-content-background-meta":{"desktop":{"background-color":"var(--ast-global-color-5)","background-image":"","background-repeat":"repeat","background-position":"center center","background-size":"auto","background-attachment":"scroll","background-type":"","background-media":"","overlay-type":"","overlay-color":"","overlay-opacity":"","overlay-gradient":""},"tablet":{"background-color":"var(--ast-global-color-5)","background-image":"","background-repeat":"repeat","background-position":"center center","background-size":"auto","background-attachment":"scroll","background-type":"","background-media":"","overlay-type":"","overlay-color":"","overlay-opacity":"","overlay-gradient":""},"mobile":{"background-color":"var(--ast-global-color-5)","background-image":"","background-repeat":"repeat","background-position":"center center","background-size":"auto","background-attachment":"scroll","background-type":"","background-media":"","overlay-type":"","overlay-color":"","overlay-opacity":"","overlay-gradient":""}},"footnotes":""},"class_list":["post-596","page","type-page","status-publish","hentry"],"yoast_head":"<!-- This site is optimized with the Yoast SEO plugin v27.2 - https:\/\/yoast.com\/product\/yoast-seo-wordpress\/ -->\n<title>HMG \/ MOD \u2013 CLAS - Eporedia<\/title>\n<meta name=\"description\" content=\"Existe una creciente necesidad de la Seguridad de la Informaci\u00f3n dentro del sector p\u00fablico. Los mandatos y las pautas del Gabinete Ministerial, emitidas a ra\u00edz de varios incidentes de seguridad recientes, se a\u00f1aden a la enorme cantidad de legislaci\u00f3n de los departamentos gubernamentales con los que se tiene que cumplir.\" \/>\n<meta name=\"robots\" content=\"index, follow, max-snippet:-1, max-image-preview:large, max-video-preview:-1\" \/>\n<link rel=\"canonical\" href=\"https:\/\/www.eporedia.com\/es\/hmg-mod-clas\/\" \/>\n<meta property=\"og:locale\" content=\"es_ES\" \/>\n<meta property=\"og:type\" content=\"article\" \/>\n<meta property=\"og:title\" content=\"HMG \/ MOD \u2013 CLAS - Eporedia\" \/>\n<meta property=\"og:description\" content=\"Existe una creciente necesidad de la Seguridad de la Informaci\u00f3n dentro del sector p\u00fablico. Los mandatos y las pautas del Gabinete Ministerial, emitidas a ra\u00edz de varios incidentes de seguridad recientes, se a\u00f1aden a la enorme cantidad de legislaci\u00f3n de los departamentos gubernamentales con los que se tiene que cumplir.\" \/>\n<meta property=\"og:url\" content=\"https:\/\/www.eporedia.com\/es\/hmg-mod-clas\/\" \/>\n<meta property=\"og:site_name\" content=\"Eporedia\" \/>\n<meta property=\"article:modified_time\" content=\"2019-07-09T14:03:59+00:00\" \/>\n<meta name=\"twitter:label1\" content=\"Tiempo de lectura\" \/>\n\t<meta name=\"twitter:data1\" content=\"1 minuto\" \/>\n<script type=\"application\/ld+json\" class=\"yoast-schema-graph\">{\"@context\":\"https:\/\/schema.org\",\"@graph\":[{\"@type\":\"WebPage\",\"@id\":\"https:\/\/www.eporedia.com\/es\/hmg-mod-clas\/\",\"url\":\"https:\/\/www.eporedia.com\/es\/hmg-mod-clas\/\",\"name\":\"HMG \/ MOD \u2013 CLAS - Eporedia\",\"isPartOf\":{\"@id\":\"https:\/\/www.eporedia.com\/es\/#website\"},\"datePublished\":\"2014-03-28T14:20:25+00:00\",\"dateModified\":\"2019-07-09T14:03:59+00:00\",\"description\":\"Existe una creciente necesidad de la Seguridad de la Informaci\u00f3n dentro del sector p\u00fablico. Los mandatos y las pautas del Gabinete Ministerial, emitidas a ra\u00edz de varios incidentes de seguridad recientes, se a\u00f1aden a la enorme cantidad de legislaci\u00f3n de los departamentos gubernamentales con los que se tiene que cumplir.\",\"breadcrumb\":{\"@id\":\"https:\/\/www.eporedia.com\/es\/hmg-mod-clas\/#breadcrumb\"},\"inLanguage\":\"es\",\"potentialAction\":[{\"@type\":\"ReadAction\",\"target\":[\"https:\/\/www.eporedia.com\/es\/hmg-mod-clas\/\"]}]},{\"@type\":\"BreadcrumbList\",\"@id\":\"https:\/\/www.eporedia.com\/es\/hmg-mod-clas\/#breadcrumb\",\"itemListElement\":[{\"@type\":\"ListItem\",\"position\":1,\"name\":\"Home\",\"item\":\"https:\/\/www.eporedia.com\/es\/\"},{\"@type\":\"ListItem\",\"position\":2,\"name\":\"HMG \/ MOD \u2013 CLAS\"}]},{\"@type\":\"WebSite\",\"@id\":\"https:\/\/www.eporedia.com\/es\/#website\",\"url\":\"https:\/\/www.eporedia.com\/es\/\",\"name\":\"Eporedia\",\"description\":\"Your IT Security Partners\",\"publisher\":{\"@id\":\"https:\/\/www.eporedia.com\/es\/#organization\"},\"potentialAction\":[{\"@type\":\"SearchAction\",\"target\":{\"@type\":\"EntryPoint\",\"urlTemplate\":\"https:\/\/www.eporedia.com\/es\/?s={search_term_string}\"},\"query-input\":{\"@type\":\"PropertyValueSpecification\",\"valueRequired\":true,\"valueName\":\"search_term_string\"}}],\"inLanguage\":\"es\"},{\"@type\":\"Organization\",\"@id\":\"https:\/\/www.eporedia.com\/es\/#organization\",\"name\":\"Eporedia\",\"url\":\"https:\/\/www.eporedia.com\/es\/\",\"logo\":{\"@type\":\"ImageObject\",\"inLanguage\":\"es\",\"@id\":\"https:\/\/www.eporedia.com\/es\/#\/schema\/logo\/image\/\",\"url\":\"https:\/\/www.eporedia.com\/wp-content\/uploads\/2019\/06\/cropped-Logo_eporedia1-e1396441304476-1.png\",\"contentUrl\":\"https:\/\/www.eporedia.com\/wp-content\/uploads\/2019\/06\/cropped-Logo_eporedia1-e1396441304476-1.png\",\"width\":260,\"height\":73,\"caption\":\"Eporedia\"},\"image\":{\"@id\":\"https:\/\/www.eporedia.com\/es\/#\/schema\/logo\/image\/\"}}]}<\/script>\n<!-- \/ Yoast SEO plugin. -->","yoast_head_json":{"title":"HMG \/ MOD \u2013 CLAS - Eporedia","description":"Existe una creciente necesidad de la Seguridad de la Informaci\u00f3n dentro del sector p\u00fablico. Los mandatos y las pautas del Gabinete Ministerial, emitidas a ra\u00edz de varios incidentes de seguridad recientes, se a\u00f1aden a la enorme cantidad de legislaci\u00f3n de los departamentos gubernamentales con los que se tiene que cumplir.","robots":{"index":"index","follow":"follow","max-snippet":"max-snippet:-1","max-image-preview":"max-image-preview:large","max-video-preview":"max-video-preview:-1"},"canonical":"https:\/\/www.eporedia.com\/es\/hmg-mod-clas\/","og_locale":"es_ES","og_type":"article","og_title":"HMG \/ MOD \u2013 CLAS - Eporedia","og_description":"Existe una creciente necesidad de la Seguridad de la Informaci\u00f3n dentro del sector p\u00fablico. Los mandatos y las pautas del Gabinete Ministerial, emitidas a ra\u00edz de varios incidentes de seguridad recientes, se a\u00f1aden a la enorme cantidad de legislaci\u00f3n de los departamentos gubernamentales con los que se tiene que cumplir.","og_url":"https:\/\/www.eporedia.com\/es\/hmg-mod-clas\/","og_site_name":"Eporedia","article_modified_time":"2019-07-09T14:03:59+00:00","twitter_misc":{"Tiempo de lectura":"1 minuto"},"schema":{"@context":"https:\/\/schema.org","@graph":[{"@type":"WebPage","@id":"https:\/\/www.eporedia.com\/es\/hmg-mod-clas\/","url":"https:\/\/www.eporedia.com\/es\/hmg-mod-clas\/","name":"HMG \/ MOD \u2013 CLAS - Eporedia","isPartOf":{"@id":"https:\/\/www.eporedia.com\/es\/#website"},"datePublished":"2014-03-28T14:20:25+00:00","dateModified":"2019-07-09T14:03:59+00:00","description":"Existe una creciente necesidad de la Seguridad de la Informaci\u00f3n dentro del sector p\u00fablico. Los mandatos y las pautas del Gabinete Ministerial, emitidas a ra\u00edz de varios incidentes de seguridad recientes, se a\u00f1aden a la enorme cantidad de legislaci\u00f3n de los departamentos gubernamentales con los que se tiene que cumplir.","breadcrumb":{"@id":"https:\/\/www.eporedia.com\/es\/hmg-mod-clas\/#breadcrumb"},"inLanguage":"es","potentialAction":[{"@type":"ReadAction","target":["https:\/\/www.eporedia.com\/es\/hmg-mod-clas\/"]}]},{"@type":"BreadcrumbList","@id":"https:\/\/www.eporedia.com\/es\/hmg-mod-clas\/#breadcrumb","itemListElement":[{"@type":"ListItem","position":1,"name":"Home","item":"https:\/\/www.eporedia.com\/es\/"},{"@type":"ListItem","position":2,"name":"HMG \/ MOD \u2013 CLAS"}]},{"@type":"WebSite","@id":"https:\/\/www.eporedia.com\/es\/#website","url":"https:\/\/www.eporedia.com\/es\/","name":"Eporedia","description":"Your IT Security Partners","publisher":{"@id":"https:\/\/www.eporedia.com\/es\/#organization"},"potentialAction":[{"@type":"SearchAction","target":{"@type":"EntryPoint","urlTemplate":"https:\/\/www.eporedia.com\/es\/?s={search_term_string}"},"query-input":{"@type":"PropertyValueSpecification","valueRequired":true,"valueName":"search_term_string"}}],"inLanguage":"es"},{"@type":"Organization","@id":"https:\/\/www.eporedia.com\/es\/#organization","name":"Eporedia","url":"https:\/\/www.eporedia.com\/es\/","logo":{"@type":"ImageObject","inLanguage":"es","@id":"https:\/\/www.eporedia.com\/es\/#\/schema\/logo\/image\/","url":"https:\/\/www.eporedia.com\/wp-content\/uploads\/2019\/06\/cropped-Logo_eporedia1-e1396441304476-1.png","contentUrl":"https:\/\/www.eporedia.com\/wp-content\/uploads\/2019\/06\/cropped-Logo_eporedia1-e1396441304476-1.png","width":260,"height":73,"caption":"Eporedia"},"image":{"@id":"https:\/\/www.eporedia.com\/es\/#\/schema\/logo\/image\/"}}]}},"uagb_featured_image_src":{"full":false,"thumbnail":false,"medium":false,"medium_large":false,"large":false,"1536x1536":false,"2048x2048":false},"uagb_author_info":{"display_name":"admin_eporedia","author_link":"https:\/\/www.eporedia.com\/es\/author\/admin_eporedia\/"},"uagb_comment_info":0,"uagb_excerpt":null,"_links":{"self":[{"href":"https:\/\/www.eporedia.com\/es\/wp-json\/wp\/v2\/pages\/596","targetHints":{"allow":["GET"]}}],"collection":[{"href":"https:\/\/www.eporedia.com\/es\/wp-json\/wp\/v2\/pages"}],"about":[{"href":"https:\/\/www.eporedia.com\/es\/wp-json\/wp\/v2\/types\/page"}],"author":[{"embeddable":true,"href":"https:\/\/www.eporedia.com\/es\/wp-json\/wp\/v2\/users\/4"}],"replies":[{"embeddable":true,"href":"https:\/\/www.eporedia.com\/es\/wp-json\/wp\/v2\/comments?post=596"}],"version-history":[{"count":8,"href":"https:\/\/www.eporedia.com\/es\/wp-json\/wp\/v2\/pages\/596\/revisions"}],"predecessor-version":[{"id":986,"href":"https:\/\/www.eporedia.com\/es\/wp-json\/wp\/v2\/pages\/596\/revisions\/986"}],"wp:attachment":[{"href":"https:\/\/www.eporedia.com\/es\/wp-json\/wp\/v2\/media?parent=596"}],"curies":[{"name":"wp","href":"https:\/\/api.w.org\/{rel}","templated":true}]}}