{"id":602,"date":"2014-03-28T15:19:19","date_gmt":"2014-03-28T14:19:19","guid":{"rendered":"https:\/\/www.eporedia.com\/iso-27001-certification\/"},"modified":"2019-07-09T15:16:53","modified_gmt":"2019-07-09T14:16:53","slug":"certificacion-iso-27001","status":"publish","type":"page","link":"https:\/\/www.eporedia.com\/es\/certificacion-iso-27001\/","title":{"rendered":"Certificaci\u00f3n ISO 27001"},"content":{"rendered":"\n<div class=\"wp-block-uagb-section uagb-section__wrap uagb-section__background-image\" id=\"uagb-section-80379a23-4106-4989-8c39-899a69467623\"><div class=\"uagb-section__overlay\"><\/div><div class=\"uagb-section__inner-wrap\">\n<div class=\"wp-block-uagb-advanced-heading\" id=\"uagb-adv-heading-5ea73b26-d5ff-4a57-8125-986365e6eb9e\"><h1 class=\"uagb-heading-text\"><strong>CERTIFICACI\u00d2N<\/strong> <strong> ISO 27001<\/strong><\/h1><p class=\"uagb-desc-text\"><\/p><\/div>\n<\/div><\/div>\n\n\n\n<section class=\"wp-block-uagb-section uagb-section__wrap uagb-section__background-undefined\" id=\"uagb-section-8df83884-bd57-47e8-bdf0-fafdf3f18892\"><div class=\"uagb-section__overlay\"><\/div><div class=\"uagb-section__inner-wrap\">\n<div style=\"height:50px\" aria-hidden=\"true\" class=\"wp-block-spacer\"><\/div>\n\n\n\n<p><strong>Certificaci\u00f3n ISO 27001<\/strong><br><\/p>\n\n\n\n<p>El logro de la Certificaci\u00f3n ISO 27001 sigue siendo la forma m\u00e1s reconocida para que una organizaci\u00f3n pueda demostrar que toma en serio el tema de la seguridad de la informaci\u00f3n y que es una empresa en la que un cliente o socio de negocios puede confiar.<\/p>\n\n\n\n<div style=\"height:30px\" aria-hidden=\"true\" class=\"wp-block-spacer\"><\/div>\n\n\n\n<p>Eporedia ofrece una amplia gama de servicios de certificaci\u00f3n ISO 27001, desde la evaluaci\u00f3n inicial del Sistema de Gesti\u00f3n de la Seguridad de la Informaci\u00f3n (ISMS por su abreviatura en ingl\u00e9s) existente en una organizaci\u00f3n hasta la implementaci\u00f3n de los programas de las normas ISO 17799\/ ISO 27001.<\/p>\n\n\n\n<p><strong>ISO 27001 y Cumplimiento PCI DSS<\/strong><\/p>\n\n\n\n<p>La necesidad es la motivaci\u00f3n de muchas empresas para lograr el cumplimiento del PCI DSS, sin embargo, pronto se dan cuenta, que al convertirse en empresas certificadas ISO27001, al mismo tiempo pueden lograr el cumplimiento a largo plazo e implementar no s\u00f3lo las \u00absoluciones r\u00e1pidas\u00bb, identificadas por el an\u00e1lisis de las deficiencias PCI DSS, sino tambi\u00e9n logar un completo cambio de cultura hacia la Seguridad de la Inform\u00e1tica dentro de sus empresas.<\/p>\n\n\n\n<div style=\"height:30px\" aria-hidden=\"true\" class=\"wp-block-spacer\"><\/div>\n\n\n\n<p>Es importante recordar que al lograr el cumplimiento del PCI DSS, en ning\u00fan caso quiere decir que sus sistemas ser\u00edan compatibles en el momento de violaci\u00f3n de las normas de seguridad. La compa\u00f1\u00eda de Procesamiento de Pagos Heartland logr\u00f3 el cumplimiento a principios de 2008 y anunci\u00f3 una violaci\u00f3n de 250,000 cuentas comerciales en enero de 2009.<\/p>\n\n\n\n<div style=\"height:30px\" aria-hidden=\"true\" class=\"wp-block-spacer\"><\/div>\n\n\n\n<p>Por lo tanto, Eporedia recomienda que cualquier iniciativa de Cumplimiento del PCI DSS se conduzca a trav\u00e9s de la norma ISO27001. Con los requerimientos del PCI DSS mantenidos en el \u00e1mbito, un programa de Cumplimiento controlado por la norma 27001 puede alcanzar f\u00e1cilmente el cumplimiento del PCI DSS, y tambi\u00e9n representa una serie de beneficios principales. El objetivo b\u00e1sico de la norma es ayudar a establecer y a mantener un sistema eficaz de gesti\u00f3n de la informaci\u00f3n, utilizando un enfoque de mejoramiento continuo. Se establece un Equipo Conjunto de Seguridad (JST por su abreviatura en ingl\u00e9s), que act\u00faa como un organismo regulador, no s\u00f3lo para las cuestiones de cumplimiento b\u00e1sico, sino tambi\u00e9n para todas las dem\u00e1s \u00e1reas de seguridad de la informaci\u00f3n dentro de la organizaci\u00f3n y sus principales proveedores terceros. El organismo central se re\u00fane regularmente para revisar todos los avances destacados dentro de la empresa, con respecto a los datos de los tarjetahabientes y la seguridad de la informaci\u00f3n. Las revisiones peri\u00f3dicas de este grupo aseguran no s\u00f3lo el logro del cumplimiento del PCI DSS, sino tambi\u00e9n su mantenimiento.<\/p>\n\n\n\n<div style=\"height:30px\" aria-hidden=\"true\" class=\"wp-block-spacer\"><\/div>\n\n\n\n<p>Eporedia le ayudar\u00e1 a entender tanto la norma ISO27001 como los est\u00e1ndares PCI y espec\u00edficamente, la esencia relacionada con estos, permiti\u00e9ndole tomar una decisi\u00f3n con conocimiento en cuanto al campo de aplicaci\u00f3n de cada control. Podemos ayudarle a prepararse para su auditor\u00eda con nuestro profundo conocimiento de las normas y el proceso de certificaci\u00f3n<\/p>\n\n\n\n<div style=\"height:50px\" aria-hidden=\"true\" class=\"wp-block-spacer\"><\/div>\n\n\n\n<p><\/p>\n<\/div><\/section>\n","protected":false},"excerpt":{"rendered":"","protected":false},"author":4,"featured_media":0,"parent":0,"menu_order":0,"comment_status":"closed","ping_status":"open","template":"","meta":{"_uag_custom_page_level_css":"","_monsterinsights_skip_tracking":false,"_monsterinsights_sitenote_active":false,"_monsterinsights_sitenote_note":"","_monsterinsights_sitenote_category":0,"site-sidebar-layout":"default","site-content-layout":"page-builder","ast-site-content-layout":"default","site-content-style":"default","site-sidebar-style":"default","ast-global-header-display":"","ast-banner-title-visibility":"","ast-main-header-display":"","ast-hfb-above-header-display":"","ast-hfb-below-header-display":"","ast-hfb-mobile-header-display":"","site-post-title":"disabled","ast-breadcrumbs-content":"","ast-featured-img":"","footer-sml-layout":"","ast-disable-related-posts":"","theme-transparent-header-meta":"enabled","adv-header-id-meta":"","stick-header-meta":"","header-above-stick-meta":"","header-main-stick-meta":"","header-below-stick-meta":"","astra-migrate-meta-layouts":"default","ast-page-background-enabled":"default","ast-page-background-meta":{"desktop":{"background-color":"","background-image":"","background-repeat":"repeat","background-position":"center center","background-size":"auto","background-attachment":"scroll","background-type":"","background-media":"","overlay-type":"","overlay-color":"","overlay-opacity":"","overlay-gradient":""},"tablet":{"background-color":"","background-image":"","background-repeat":"repeat","background-position":"center center","background-size":"auto","background-attachment":"scroll","background-type":"","background-media":"","overlay-type":"","overlay-color":"","overlay-opacity":"","overlay-gradient":""},"mobile":{"background-color":"","background-image":"","background-repeat":"repeat","background-position":"center center","background-size":"auto","background-attachment":"scroll","background-type":"","background-media":"","overlay-type":"","overlay-color":"","overlay-opacity":"","overlay-gradient":""}},"ast-content-background-meta":{"desktop":{"background-color":"var(--ast-global-color-5)","background-image":"","background-repeat":"repeat","background-position":"center center","background-size":"auto","background-attachment":"scroll","background-type":"","background-media":"","overlay-type":"","overlay-color":"","overlay-opacity":"","overlay-gradient":""},"tablet":{"background-color":"var(--ast-global-color-5)","background-image":"","background-repeat":"repeat","background-position":"center center","background-size":"auto","background-attachment":"scroll","background-type":"","background-media":"","overlay-type":"","overlay-color":"","overlay-opacity":"","overlay-gradient":""},"mobile":{"background-color":"var(--ast-global-color-5)","background-image":"","background-repeat":"repeat","background-position":"center center","background-size":"auto","background-attachment":"scroll","background-type":"","background-media":"","overlay-type":"","overlay-color":"","overlay-opacity":"","overlay-gradient":""}},"footnotes":""},"class_list":["post-602","page","type-page","status-publish","hentry"],"yoast_head":"<!-- This site is optimized with the Yoast SEO plugin v27.2 - https:\/\/yoast.com\/product\/yoast-seo-wordpress\/ -->\n<title>Certificaci\u00f3n ISO 27001 - Eporedia<\/title>\n<meta name=\"description\" content=\"El logro de la Certificaci\u00f3n ISO 27001 sigue siendo la forma m\u00e1s reconocida para que una organizaci\u00f3n pueda demostrar que toma en serio el tema de la seguridad de la informaci\u00f3n y que es una empresa en la que un cliente o socio de negocios puede confiar.\" \/>\n<meta name=\"robots\" content=\"index, follow, max-snippet:-1, max-image-preview:large, max-video-preview:-1\" \/>\n<link rel=\"canonical\" href=\"https:\/\/www.eporedia.com\/es\/certificacion-iso-27001\/\" \/>\n<meta property=\"og:locale\" content=\"es_ES\" \/>\n<meta property=\"og:type\" content=\"article\" \/>\n<meta property=\"og:title\" content=\"Certificaci\u00f3n ISO 27001 - Eporedia\" \/>\n<meta property=\"og:description\" content=\"El logro de la Certificaci\u00f3n ISO 27001 sigue siendo la forma m\u00e1s reconocida para que una organizaci\u00f3n pueda demostrar que toma en serio el tema de la seguridad de la informaci\u00f3n y que es una empresa en la que un cliente o socio de negocios puede confiar.\" \/>\n<meta property=\"og:url\" content=\"https:\/\/www.eporedia.com\/es\/certificacion-iso-27001\/\" \/>\n<meta property=\"og:site_name\" content=\"Eporedia\" \/>\n<meta property=\"article:modified_time\" content=\"2019-07-09T14:16:53+00:00\" \/>\n<meta name=\"twitter:label1\" content=\"Tiempo de lectura\" \/>\n\t<meta name=\"twitter:data1\" content=\"3 minutos\" \/>\n<script type=\"application\/ld+json\" class=\"yoast-schema-graph\">{\"@context\":\"https:\/\/schema.org\",\"@graph\":[{\"@type\":\"WebPage\",\"@id\":\"https:\/\/www.eporedia.com\/es\/certificacion-iso-27001\/\",\"url\":\"https:\/\/www.eporedia.com\/es\/certificacion-iso-27001\/\",\"name\":\"Certificaci\u00f3n ISO 27001 - Eporedia\",\"isPartOf\":{\"@id\":\"https:\/\/www.eporedia.com\/es\/#website\"},\"datePublished\":\"2014-03-28T14:19:19+00:00\",\"dateModified\":\"2019-07-09T14:16:53+00:00\",\"description\":\"El logro de la Certificaci\u00f3n ISO 27001 sigue siendo la forma m\u00e1s reconocida para que una organizaci\u00f3n pueda demostrar que toma en serio el tema de la seguridad de la informaci\u00f3n y que es una empresa en la que un cliente o socio de negocios puede confiar.\",\"breadcrumb\":{\"@id\":\"https:\/\/www.eporedia.com\/es\/certificacion-iso-27001\/#breadcrumb\"},\"inLanguage\":\"es\",\"potentialAction\":[{\"@type\":\"ReadAction\",\"target\":[\"https:\/\/www.eporedia.com\/es\/certificacion-iso-27001\/\"]}]},{\"@type\":\"BreadcrumbList\",\"@id\":\"https:\/\/www.eporedia.com\/es\/certificacion-iso-27001\/#breadcrumb\",\"itemListElement\":[{\"@type\":\"ListItem\",\"position\":1,\"name\":\"Home\",\"item\":\"https:\/\/www.eporedia.com\/es\/\"},{\"@type\":\"ListItem\",\"position\":2,\"name\":\"Certificaci\u00f3n ISO 27001\"}]},{\"@type\":\"WebSite\",\"@id\":\"https:\/\/www.eporedia.com\/es\/#website\",\"url\":\"https:\/\/www.eporedia.com\/es\/\",\"name\":\"Eporedia\",\"description\":\"Your IT Security Partners\",\"publisher\":{\"@id\":\"https:\/\/www.eporedia.com\/es\/#organization\"},\"potentialAction\":[{\"@type\":\"SearchAction\",\"target\":{\"@type\":\"EntryPoint\",\"urlTemplate\":\"https:\/\/www.eporedia.com\/es\/?s={search_term_string}\"},\"query-input\":{\"@type\":\"PropertyValueSpecification\",\"valueRequired\":true,\"valueName\":\"search_term_string\"}}],\"inLanguage\":\"es\"},{\"@type\":\"Organization\",\"@id\":\"https:\/\/www.eporedia.com\/es\/#organization\",\"name\":\"Eporedia\",\"url\":\"https:\/\/www.eporedia.com\/es\/\",\"logo\":{\"@type\":\"ImageObject\",\"inLanguage\":\"es\",\"@id\":\"https:\/\/www.eporedia.com\/es\/#\/schema\/logo\/image\/\",\"url\":\"https:\/\/www.eporedia.com\/wp-content\/uploads\/2019\/06\/cropped-Logo_eporedia1-e1396441304476-1.png\",\"contentUrl\":\"https:\/\/www.eporedia.com\/wp-content\/uploads\/2019\/06\/cropped-Logo_eporedia1-e1396441304476-1.png\",\"width\":260,\"height\":73,\"caption\":\"Eporedia\"},\"image\":{\"@id\":\"https:\/\/www.eporedia.com\/es\/#\/schema\/logo\/image\/\"}}]}<\/script>\n<!-- \/ Yoast SEO plugin. -->","yoast_head_json":{"title":"Certificaci\u00f3n ISO 27001 - Eporedia","description":"El logro de la Certificaci\u00f3n ISO 27001 sigue siendo la forma m\u00e1s reconocida para que una organizaci\u00f3n pueda demostrar que toma en serio el tema de la seguridad de la informaci\u00f3n y que es una empresa en la que un cliente o socio de negocios puede confiar.","robots":{"index":"index","follow":"follow","max-snippet":"max-snippet:-1","max-image-preview":"max-image-preview:large","max-video-preview":"max-video-preview:-1"},"canonical":"https:\/\/www.eporedia.com\/es\/certificacion-iso-27001\/","og_locale":"es_ES","og_type":"article","og_title":"Certificaci\u00f3n ISO 27001 - Eporedia","og_description":"El logro de la Certificaci\u00f3n ISO 27001 sigue siendo la forma m\u00e1s reconocida para que una organizaci\u00f3n pueda demostrar que toma en serio el tema de la seguridad de la informaci\u00f3n y que es una empresa en la que un cliente o socio de negocios puede confiar.","og_url":"https:\/\/www.eporedia.com\/es\/certificacion-iso-27001\/","og_site_name":"Eporedia","article_modified_time":"2019-07-09T14:16:53+00:00","twitter_misc":{"Tiempo de lectura":"3 minutos"},"schema":{"@context":"https:\/\/schema.org","@graph":[{"@type":"WebPage","@id":"https:\/\/www.eporedia.com\/es\/certificacion-iso-27001\/","url":"https:\/\/www.eporedia.com\/es\/certificacion-iso-27001\/","name":"Certificaci\u00f3n ISO 27001 - Eporedia","isPartOf":{"@id":"https:\/\/www.eporedia.com\/es\/#website"},"datePublished":"2014-03-28T14:19:19+00:00","dateModified":"2019-07-09T14:16:53+00:00","description":"El logro de la Certificaci\u00f3n ISO 27001 sigue siendo la forma m\u00e1s reconocida para que una organizaci\u00f3n pueda demostrar que toma en serio el tema de la seguridad de la informaci\u00f3n y que es una empresa en la que un cliente o socio de negocios puede confiar.","breadcrumb":{"@id":"https:\/\/www.eporedia.com\/es\/certificacion-iso-27001\/#breadcrumb"},"inLanguage":"es","potentialAction":[{"@type":"ReadAction","target":["https:\/\/www.eporedia.com\/es\/certificacion-iso-27001\/"]}]},{"@type":"BreadcrumbList","@id":"https:\/\/www.eporedia.com\/es\/certificacion-iso-27001\/#breadcrumb","itemListElement":[{"@type":"ListItem","position":1,"name":"Home","item":"https:\/\/www.eporedia.com\/es\/"},{"@type":"ListItem","position":2,"name":"Certificaci\u00f3n ISO 27001"}]},{"@type":"WebSite","@id":"https:\/\/www.eporedia.com\/es\/#website","url":"https:\/\/www.eporedia.com\/es\/","name":"Eporedia","description":"Your IT Security Partners","publisher":{"@id":"https:\/\/www.eporedia.com\/es\/#organization"},"potentialAction":[{"@type":"SearchAction","target":{"@type":"EntryPoint","urlTemplate":"https:\/\/www.eporedia.com\/es\/?s={search_term_string}"},"query-input":{"@type":"PropertyValueSpecification","valueRequired":true,"valueName":"search_term_string"}}],"inLanguage":"es"},{"@type":"Organization","@id":"https:\/\/www.eporedia.com\/es\/#organization","name":"Eporedia","url":"https:\/\/www.eporedia.com\/es\/","logo":{"@type":"ImageObject","inLanguage":"es","@id":"https:\/\/www.eporedia.com\/es\/#\/schema\/logo\/image\/","url":"https:\/\/www.eporedia.com\/wp-content\/uploads\/2019\/06\/cropped-Logo_eporedia1-e1396441304476-1.png","contentUrl":"https:\/\/www.eporedia.com\/wp-content\/uploads\/2019\/06\/cropped-Logo_eporedia1-e1396441304476-1.png","width":260,"height":73,"caption":"Eporedia"},"image":{"@id":"https:\/\/www.eporedia.com\/es\/#\/schema\/logo\/image\/"}}]}},"uagb_featured_image_src":{"full":false,"thumbnail":false,"medium":false,"medium_large":false,"large":false,"1536x1536":false,"2048x2048":false},"uagb_author_info":{"display_name":"admin_eporedia","author_link":"https:\/\/www.eporedia.com\/es\/author\/admin_eporedia\/"},"uagb_comment_info":0,"uagb_excerpt":null,"_links":{"self":[{"href":"https:\/\/www.eporedia.com\/es\/wp-json\/wp\/v2\/pages\/602","targetHints":{"allow":["GET"]}}],"collection":[{"href":"https:\/\/www.eporedia.com\/es\/wp-json\/wp\/v2\/pages"}],"about":[{"href":"https:\/\/www.eporedia.com\/es\/wp-json\/wp\/v2\/types\/page"}],"author":[{"embeddable":true,"href":"https:\/\/www.eporedia.com\/es\/wp-json\/wp\/v2\/users\/4"}],"replies":[{"embeddable":true,"href":"https:\/\/www.eporedia.com\/es\/wp-json\/wp\/v2\/comments?post=602"}],"version-history":[{"count":4,"href":"https:\/\/www.eporedia.com\/es\/wp-json\/wp\/v2\/pages\/602\/revisions"}],"predecessor-version":[{"id":993,"href":"https:\/\/www.eporedia.com\/es\/wp-json\/wp\/v2\/pages\/602\/revisions\/993"}],"wp:attachment":[{"href":"https:\/\/www.eporedia.com\/es\/wp-json\/wp\/v2\/media?parent=602"}],"curies":[{"name":"wp","href":"https:\/\/api.w.org\/{rel}","templated":true}]}}