{"id":612,"date":"2014-03-28T15:18:46","date_gmt":"2014-03-28T14:18:46","guid":{"rendered":"https:\/\/www.eporedia.com\/pci-dss-consultancy\/"},"modified":"2019-07-09T14:19:30","modified_gmt":"2019-07-09T13:19:30","slug":"consultoria-de-cumplimento-pci-dss","status":"publish","type":"page","link":"https:\/\/www.eporedia.com\/es\/consultoria-de-cumplimento-pci-dss\/","title":{"rendered":"Consultor\u00eda de Cumplimiento \u2013 PCI DSS"},"content":{"rendered":"\n<div class=\"wp-block-uagb-section uagb-section__wrap uagb-section__background-image\" id=\"uagb-section-850cad30-1fa7-4ac4-a8d2-9f90a1d201a3\"><div class=\"uagb-section__overlay\"><\/div><div class=\"uagb-section__inner-wrap\">\n<div class=\"wp-block-uagb-advanced-heading entry-header\" id=\"uagb-adv-heading-47be43f2-a1e1-4e5a-ae57-fea95f5bcc15\"><h1 class=\"uagb-heading-text\"><strong>CONSULTOR\u00edA DE CUMPLIMIENTO \u2013 PCI DSS<\/strong><\/h1><p class=\"uagb-desc-text\"><\/p><\/div>\n\n\n\n<p><\/p>\n<\/div><\/div>\n\n\n\n<section class=\"wp-block-uagb-section uagb-section__wrap uagb-section__background-undefined\" id=\"uagb-section-328126f1-65b0-4cdc-bb98-a68491fd2f7b\"><div class=\"uagb-section__overlay\"><\/div><div class=\"uagb-section__inner-wrap\">\n<div style=\"height:50px\" aria-hidden=\"true\" class=\"wp-block-spacer\"><\/div>\n\n\n\n<p>PCI DSS es un requisito obligatorio para todas aquellas organizaciones que procesan pagos mediante tarjetas de cr\u00e9dito o d\u00e9bito, desarrollan productos para transacciones de tarjetas de pago y\/o almacenan datos de tarjetahabientes. La norma define los requisitos m\u00ednimos para la protecci\u00f3n de la seguridad de la informaci\u00f3n de los datos de las tarjetas de pago, los requisitos de cumplimiento que las empresas est\u00e1n obligadas a cumplir y la forma en que se garantizar\u00e1 el cumplimiento. Estos requisitos est\u00e1n respaldados por una serie de sanciones punitivas en caso de incumplimiento, ya que muchas marcas internacionales se est\u00e1n se est\u00e1n enterando de su costo \u2013 Recientemente, TJX le pag\u00f3 a Visa alrededor de \u00a1$40,9 millones!<\/p>\n\n\n\n<div style=\"height:20px\" aria-hidden=\"true\" class=\"wp-block-spacer\"><\/div>\n\n\n\n<p>Los requisitos b\u00e1sicos de la norma PCI DSS son los siguientes:<\/p>\n\n\n\n<div style=\"height:20px\" aria-hidden=\"true\" class=\"wp-block-spacer\"><\/div>\n\n\n\n<ul class=\"wp-block-list\"><li>Construir y mantener una red segura<\/li><li>Proteger los datos de los tarjetahabientes<\/li><li>Mantener un programa de gesti\u00f3n de vulnerabilidad<\/li><li>Implementar medidas fuertes de control de acceso<\/li><li>Monitorear y poner a prueba las redes regularmente<\/li><li>Crear y mantener una pol\u00edtica de seguridad de la informaci\u00f3n <\/li><\/ul>\n\n\n\n<p>Lograr el cumplimiento del PCI DSS puede ser un proceso complejo y que requiere un gran n\u00famero de recursos y una considerable experiencia en seguridad de la informaci\u00f3n y destreza en la gesti\u00f3n de proyectos. Es necesaria la identificaci\u00f3n de todas las \u00e1reas claves de la empresa, un programa manejado por la Inform\u00e1tica (TI) para el cumplimiento del PCI DSS, inevitablemente tiene dificultades para efectuar el cumplimiento en una organizaci\u00f3n, una vez que se percibe como \u201cotro proyecto de Inform\u00e1tica\u201d. Eporedia cuenta con muchos a\u00f1os de experiencia para desempe\u00f1ar un papel esencial en este sentido, no s\u00f3lo con la seguridad de la informaci\u00f3n y la experiencia en la gesti\u00f3n de proyectos, sino tambi\u00e9n con la experiencia a nivel de negocios para lograr plena aceptaci\u00f3n de la organizaci\u00f3n.<\/p>\n\n\n\n<p>Nuestros principales servicios para ayudar a las empresas en el logro del cumplimiento del PCI DSS incluyen: <\/p>\n\n\n\n<ul class=\"wp-block-list\"><li>Delimitaci\u00f3n del Alcance<\/li><li>An\u00e1lisis de las Deficiencias<\/li><li>Los 6 Pasos para el Enfoque de la Planeaci\u00f3n Correctiva<\/li><li>Aplicaci\u00f3n y Pruebas de la Red<\/li><li>Auditor\u00eda y Certificaci\u00f3n del PCI DSS<\/li><li>El Cumplimiento Contin\u00fao <\/li><\/ul>\n\n\n\n<div style=\"height:50px\" aria-hidden=\"true\" class=\"wp-block-spacer\"><\/div>\n\n\n\n<p><\/p>\n<\/div><\/section>\n","protected":false},"excerpt":{"rendered":"","protected":false},"author":4,"featured_media":0,"parent":0,"menu_order":0,"comment_status":"closed","ping_status":"open","template":"","meta":{"_uag_custom_page_level_css":"","_monsterinsights_skip_tracking":false,"_monsterinsights_sitenote_active":false,"_monsterinsights_sitenote_note":"","_monsterinsights_sitenote_category":0,"site-sidebar-layout":"default","site-content-layout":"page-builder","ast-site-content-layout":"full-width-container","site-content-style":"unboxed","site-sidebar-style":"unboxed","ast-global-header-display":"","ast-banner-title-visibility":"","ast-main-header-display":"","ast-hfb-above-header-display":"","ast-hfb-below-header-display":"","ast-hfb-mobile-header-display":"","site-post-title":"disabled","ast-breadcrumbs-content":"","ast-featured-img":"","footer-sml-layout":"","ast-disable-related-posts":"","theme-transparent-header-meta":"enabled","adv-header-id-meta":"","stick-header-meta":"","header-above-stick-meta":"","header-main-stick-meta":"","header-below-stick-meta":"","astra-migrate-meta-layouts":"default","ast-page-background-enabled":"default","ast-page-background-meta":{"desktop":{"background-color":"","background-image":"","background-repeat":"repeat","background-position":"center center","background-size":"auto","background-attachment":"scroll","background-type":"","background-media":"","overlay-type":"","overlay-color":"","overlay-opacity":"","overlay-gradient":""},"tablet":{"background-color":"","background-image":"","background-repeat":"repeat","background-position":"center center","background-size":"auto","background-attachment":"scroll","background-type":"","background-media":"","overlay-type":"","overlay-color":"","overlay-opacity":"","overlay-gradient":""},"mobile":{"background-color":"","background-image":"","background-repeat":"repeat","background-position":"center center","background-size":"auto","background-attachment":"scroll","background-type":"","background-media":"","overlay-type":"","overlay-color":"","overlay-opacity":"","overlay-gradient":""}},"ast-content-background-meta":{"desktop":{"background-color":"var(--ast-global-color-5)","background-image":"","background-repeat":"repeat","background-position":"center center","background-size":"auto","background-attachment":"scroll","background-type":"","background-media":"","overlay-type":"","overlay-color":"","overlay-opacity":"","overlay-gradient":""},"tablet":{"background-color":"var(--ast-global-color-5)","background-image":"","background-repeat":"repeat","background-position":"center center","background-size":"auto","background-attachment":"scroll","background-type":"","background-media":"","overlay-type":"","overlay-color":"","overlay-opacity":"","overlay-gradient":""},"mobile":{"background-color":"var(--ast-global-color-5)","background-image":"","background-repeat":"repeat","background-position":"center center","background-size":"auto","background-attachment":"scroll","background-type":"","background-media":"","overlay-type":"","overlay-color":"","overlay-opacity":"","overlay-gradient":""}},"footnotes":""},"class_list":["post-612","page","type-page","status-publish","hentry"],"yoast_head":"<!-- This site is optimized with the Yoast SEO plugin v27.2 - https:\/\/yoast.com\/product\/yoast-seo-wordpress\/ -->\n<title>Consultor\u00eda de Cumplimiento \u2013 PCI DSS - Eporedia<\/title>\n<meta name=\"description\" content=\"PCI DSS es un requisito obligatorio para todas aquellas organizaciones que procesan pagos mediante tarjetas de cr\u00e9dito o d\u00e9bito, desarrollan productos para transacciones de tarjetas de pago y\/o almacenan datos de tarjetahabientes.\" \/>\n<meta name=\"robots\" content=\"index, follow, max-snippet:-1, max-image-preview:large, max-video-preview:-1\" \/>\n<link rel=\"canonical\" href=\"https:\/\/www.eporedia.com\/es\/consultoria-de-cumplimento-pci-dss\/\" \/>\n<meta property=\"og:locale\" content=\"es_ES\" \/>\n<meta property=\"og:type\" content=\"article\" \/>\n<meta property=\"og:title\" content=\"Consultor\u00eda de Cumplimiento \u2013 PCI DSS - Eporedia\" \/>\n<meta property=\"og:description\" content=\"PCI DSS es un requisito obligatorio para todas aquellas organizaciones que procesan pagos mediante tarjetas de cr\u00e9dito o d\u00e9bito, desarrollan productos para transacciones de tarjetas de pago y\/o almacenan datos de tarjetahabientes.\" \/>\n<meta property=\"og:url\" content=\"https:\/\/www.eporedia.com\/es\/consultoria-de-cumplimento-pci-dss\/\" \/>\n<meta property=\"og:site_name\" content=\"Eporedia\" \/>\n<meta property=\"article:modified_time\" content=\"2019-07-09T13:19:30+00:00\" \/>\n<meta name=\"twitter:label1\" content=\"Tiempo de lectura\" \/>\n\t<meta name=\"twitter:data1\" content=\"2 minutos\" \/>\n<script type=\"application\/ld+json\" class=\"yoast-schema-graph\">{\"@context\":\"https:\/\/schema.org\",\"@graph\":[{\"@type\":\"WebPage\",\"@id\":\"https:\/\/www.eporedia.com\/es\/consultoria-de-cumplimento-pci-dss\/\",\"url\":\"https:\/\/www.eporedia.com\/es\/consultoria-de-cumplimento-pci-dss\/\",\"name\":\"Consultor\u00eda de Cumplimiento \u2013 PCI DSS - Eporedia\",\"isPartOf\":{\"@id\":\"https:\/\/www.eporedia.com\/es\/#website\"},\"datePublished\":\"2014-03-28T14:18:46+00:00\",\"dateModified\":\"2019-07-09T13:19:30+00:00\",\"description\":\"PCI DSS es un requisito obligatorio para todas aquellas organizaciones que procesan pagos mediante tarjetas de cr\u00e9dito o d\u00e9bito, desarrollan productos para transacciones de tarjetas de pago y\/o almacenan datos de tarjetahabientes.\",\"breadcrumb\":{\"@id\":\"https:\/\/www.eporedia.com\/es\/consultoria-de-cumplimento-pci-dss\/#breadcrumb\"},\"inLanguage\":\"es\",\"potentialAction\":[{\"@type\":\"ReadAction\",\"target\":[\"https:\/\/www.eporedia.com\/es\/consultoria-de-cumplimento-pci-dss\/\"]}]},{\"@type\":\"BreadcrumbList\",\"@id\":\"https:\/\/www.eporedia.com\/es\/consultoria-de-cumplimento-pci-dss\/#breadcrumb\",\"itemListElement\":[{\"@type\":\"ListItem\",\"position\":1,\"name\":\"Home\",\"item\":\"https:\/\/www.eporedia.com\/es\/\"},{\"@type\":\"ListItem\",\"position\":2,\"name\":\"Consultor\u00eda de Cumplimiento \u2013 PCI DSS\"}]},{\"@type\":\"WebSite\",\"@id\":\"https:\/\/www.eporedia.com\/es\/#website\",\"url\":\"https:\/\/www.eporedia.com\/es\/\",\"name\":\"Eporedia\",\"description\":\"Your IT Security Partners\",\"publisher\":{\"@id\":\"https:\/\/www.eporedia.com\/es\/#organization\"},\"potentialAction\":[{\"@type\":\"SearchAction\",\"target\":{\"@type\":\"EntryPoint\",\"urlTemplate\":\"https:\/\/www.eporedia.com\/es\/?s={search_term_string}\"},\"query-input\":{\"@type\":\"PropertyValueSpecification\",\"valueRequired\":true,\"valueName\":\"search_term_string\"}}],\"inLanguage\":\"es\"},{\"@type\":\"Organization\",\"@id\":\"https:\/\/www.eporedia.com\/es\/#organization\",\"name\":\"Eporedia\",\"url\":\"https:\/\/www.eporedia.com\/es\/\",\"logo\":{\"@type\":\"ImageObject\",\"inLanguage\":\"es\",\"@id\":\"https:\/\/www.eporedia.com\/es\/#\/schema\/logo\/image\/\",\"url\":\"https:\/\/www.eporedia.com\/wp-content\/uploads\/2019\/06\/cropped-Logo_eporedia1-e1396441304476-1.png\",\"contentUrl\":\"https:\/\/www.eporedia.com\/wp-content\/uploads\/2019\/06\/cropped-Logo_eporedia1-e1396441304476-1.png\",\"width\":260,\"height\":73,\"caption\":\"Eporedia\"},\"image\":{\"@id\":\"https:\/\/www.eporedia.com\/es\/#\/schema\/logo\/image\/\"}}]}<\/script>\n<!-- \/ Yoast SEO plugin. -->","yoast_head_json":{"title":"Consultor\u00eda de Cumplimiento \u2013 PCI DSS - Eporedia","description":"PCI DSS es un requisito obligatorio para todas aquellas organizaciones que procesan pagos mediante tarjetas de cr\u00e9dito o d\u00e9bito, desarrollan productos para transacciones de tarjetas de pago y\/o almacenan datos de tarjetahabientes.","robots":{"index":"index","follow":"follow","max-snippet":"max-snippet:-1","max-image-preview":"max-image-preview:large","max-video-preview":"max-video-preview:-1"},"canonical":"https:\/\/www.eporedia.com\/es\/consultoria-de-cumplimento-pci-dss\/","og_locale":"es_ES","og_type":"article","og_title":"Consultor\u00eda de Cumplimiento \u2013 PCI DSS - Eporedia","og_description":"PCI DSS es un requisito obligatorio para todas aquellas organizaciones que procesan pagos mediante tarjetas de cr\u00e9dito o d\u00e9bito, desarrollan productos para transacciones de tarjetas de pago y\/o almacenan datos de tarjetahabientes.","og_url":"https:\/\/www.eporedia.com\/es\/consultoria-de-cumplimento-pci-dss\/","og_site_name":"Eporedia","article_modified_time":"2019-07-09T13:19:30+00:00","twitter_misc":{"Tiempo de lectura":"2 minutos"},"schema":{"@context":"https:\/\/schema.org","@graph":[{"@type":"WebPage","@id":"https:\/\/www.eporedia.com\/es\/consultoria-de-cumplimento-pci-dss\/","url":"https:\/\/www.eporedia.com\/es\/consultoria-de-cumplimento-pci-dss\/","name":"Consultor\u00eda de Cumplimiento \u2013 PCI DSS - Eporedia","isPartOf":{"@id":"https:\/\/www.eporedia.com\/es\/#website"},"datePublished":"2014-03-28T14:18:46+00:00","dateModified":"2019-07-09T13:19:30+00:00","description":"PCI DSS es un requisito obligatorio para todas aquellas organizaciones que procesan pagos mediante tarjetas de cr\u00e9dito o d\u00e9bito, desarrollan productos para transacciones de tarjetas de pago y\/o almacenan datos de tarjetahabientes.","breadcrumb":{"@id":"https:\/\/www.eporedia.com\/es\/consultoria-de-cumplimento-pci-dss\/#breadcrumb"},"inLanguage":"es","potentialAction":[{"@type":"ReadAction","target":["https:\/\/www.eporedia.com\/es\/consultoria-de-cumplimento-pci-dss\/"]}]},{"@type":"BreadcrumbList","@id":"https:\/\/www.eporedia.com\/es\/consultoria-de-cumplimento-pci-dss\/#breadcrumb","itemListElement":[{"@type":"ListItem","position":1,"name":"Home","item":"https:\/\/www.eporedia.com\/es\/"},{"@type":"ListItem","position":2,"name":"Consultor\u00eda de Cumplimiento \u2013 PCI DSS"}]},{"@type":"WebSite","@id":"https:\/\/www.eporedia.com\/es\/#website","url":"https:\/\/www.eporedia.com\/es\/","name":"Eporedia","description":"Your IT Security Partners","publisher":{"@id":"https:\/\/www.eporedia.com\/es\/#organization"},"potentialAction":[{"@type":"SearchAction","target":{"@type":"EntryPoint","urlTemplate":"https:\/\/www.eporedia.com\/es\/?s={search_term_string}"},"query-input":{"@type":"PropertyValueSpecification","valueRequired":true,"valueName":"search_term_string"}}],"inLanguage":"es"},{"@type":"Organization","@id":"https:\/\/www.eporedia.com\/es\/#organization","name":"Eporedia","url":"https:\/\/www.eporedia.com\/es\/","logo":{"@type":"ImageObject","inLanguage":"es","@id":"https:\/\/www.eporedia.com\/es\/#\/schema\/logo\/image\/","url":"https:\/\/www.eporedia.com\/wp-content\/uploads\/2019\/06\/cropped-Logo_eporedia1-e1396441304476-1.png","contentUrl":"https:\/\/www.eporedia.com\/wp-content\/uploads\/2019\/06\/cropped-Logo_eporedia1-e1396441304476-1.png","width":260,"height":73,"caption":"Eporedia"},"image":{"@id":"https:\/\/www.eporedia.com\/es\/#\/schema\/logo\/image\/"}}]}},"uagb_featured_image_src":{"full":false,"thumbnail":false,"medium":false,"medium_large":false,"large":false,"1536x1536":false,"2048x2048":false},"uagb_author_info":{"display_name":"admin_eporedia","author_link":"https:\/\/www.eporedia.com\/es\/author\/admin_eporedia\/"},"uagb_comment_info":0,"uagb_excerpt":null,"_links":{"self":[{"href":"https:\/\/www.eporedia.com\/es\/wp-json\/wp\/v2\/pages\/612","targetHints":{"allow":["GET"]}}],"collection":[{"href":"https:\/\/www.eporedia.com\/es\/wp-json\/wp\/v2\/pages"}],"about":[{"href":"https:\/\/www.eporedia.com\/es\/wp-json\/wp\/v2\/types\/page"}],"author":[{"embeddable":true,"href":"https:\/\/www.eporedia.com\/es\/wp-json\/wp\/v2\/users\/4"}],"replies":[{"embeddable":true,"href":"https:\/\/www.eporedia.com\/es\/wp-json\/wp\/v2\/comments?post=612"}],"version-history":[{"count":6,"href":"https:\/\/www.eporedia.com\/es\/wp-json\/wp\/v2\/pages\/612\/revisions"}],"predecessor-version":[{"id":998,"href":"https:\/\/www.eporedia.com\/es\/wp-json\/wp\/v2\/pages\/612\/revisions\/998"}],"wp:attachment":[{"href":"https:\/\/www.eporedia.com\/es\/wp-json\/wp\/v2\/media?parent=612"}],"curies":[{"name":"wp","href":"https:\/\/api.w.org\/{rel}","templated":true}]}}