{"id":616,"date":"2014-03-06T14:35:30","date_gmt":"2014-03-06T13:35:30","guid":{"rendered":"https:\/\/www.eporedia.com\/eporedia-compliance-services-pci-dss-qsa\/"},"modified":"2019-07-09T12:06:10","modified_gmt":"2019-07-09T11:06:10","slug":"pci-dss-qsa","status":"publish","type":"page","link":"https:\/\/www.eporedia.com\/es\/pci-dss-qsa\/","title":{"rendered":"PCI DSS QSA"},"content":{"rendered":"\n<div class=\"wp-block-uagb-section uagb-section__wrap uagb-section__background-image\" id=\"uagb-section-5dc5098d-a3f9-445c-a29f-bac0e60213c6\"><div class=\"uagb-section__overlay\"><\/div><div class=\"uagb-section__inner-wrap\">\n<div class=\"wp-block-uagb-advanced-heading\" id=\"uagb-adv-heading-db5cee45-e9b9-4d01-bcf9-94d96cfcb833\"><h1 class=\"uagb-heading-text\"><strong> PCI DSS QSA <\/strong><\/h1><p class=\"uagb-desc-text\"><\/p><\/div>\n<\/div><\/div>\n\n\n\n<section class=\"wp-block-uagb-section uagb-section__wrap uagb-section__background-undefined\" id=\"uagb-section-f8c0a63e-d7e9-49a9-8aa4-f6e194eda647\"><div class=\"uagb-section__overlay\"><\/div><div class=\"uagb-section__inner-wrap\">\n<div style=\"height:50px\" aria-hidden=\"true\" class=\"wp-block-spacer\"><\/div>\n\n\n\n<div class=\"wp-block-image\"><figure class=\"alignright\"><img decoding=\"async\" src=\"\/wp-content\/uploads\/2014\/03\/pcissc_qsa.gif\" alt=\"PCI Security Assessor\" class=\"wp-image-26035\"\/><\/figure><\/div>\n\n\n\n<p>Eporedia es un Asesor de Seguridad Calificado (QSA por su abreviatura en ingl\u00e9s) aprobado y registrado ante el Consejo de Seguridad de Datos de la Industria de Tarjetas de Pago. A trav\u00e9s de nuestra comprobada experiencia, en la evaluaci\u00f3n de la Seguridad y la gesti\u00f3n de proyectos dentro de un contexto apropiado de negocios, podemos ofrecer le a nuestros clientes soluciones integrales para lograr el Cumplimiento del Est\u00e1ndar de Seguridad de Datos para la Industria de Tarjeta de pago (PCI DSS por su abreviatura en ingl\u00e9s).<\/p>\n\n\n\n<p><strong>1. Delimitaci\u00f3n del Alcance:<\/strong> Eporedia procurar\u00e1 comprender \u00bfd\u00f3nde est\u00e1 el cliente en el proceso PCI DSS?, \u00bfcu\u00e1nta intervenci\u00f3n del QSA se requerir\u00e1? y establecer\u00e1 cuales redes, sistemas y procesos de negocio necesitar\u00e1n atenci\u00f3n.<\/p>\n\n\n\n<p><strong>2. An\u00e1lisis de Deficiencias:<\/strong> Eporedia lleva a cabo una evaluaci\u00f3n completa de los riesgos actuales y los pasos necesarios para lograr la acreditaci\u00f3n.<\/p>\n\n\n\n<p><strong>3. Los Seis (6) Pasos para el Enfoque de la Planificaci\u00f3n Correctiva: <\/strong>Eporedia ser\u00e1 capaz de planificar, dise\u00f1ar y asesorar cualquiera de los sistemas de seguridad requeridos, las tecnolog\u00edas, las pol\u00edticas de apoyo y los procedimientos de conformidad con \u00bb Los Seis (6) Pasos de Enfoque\u201d aprobados por las Compa\u00f1\u00edas de Tarjetas de Cr\u00e9dito<\/p>\n\n\n\n<p><strong>4. Aplicaci\u00f3n y Verificaci\u00f3n de la Red:<\/strong> Todas las redes y aplicaciones dentro del \u00e1mbito ser\u00e1n puestos a prueba de manera exhaustiva.<\/p>\n\n\n\n<p><strong>5. Auditor\u00eda y Certificaci\u00f3n PCI DSS:<\/strong> Eporedia dirigir\u00e1 todo el proceso de cumplimiento y certificaci\u00f3n. Esto incluir\u00e1 todas las visitas in-situ, el informe de recreaci\u00f3n y presentaci\u00f3n, el PCI y la adquisici\u00f3n del Banco intermediario.<\/p>\n\n\n\n<p><strong>6. Estricta Conformidad:<\/strong> Si el cliente lo deseara, Eporedia tambi\u00e9n puede llevar a cabo todas las pruebas continuas necesarias y la auditor\u00eda para garantizar el continuo cumplimiento con el PCI DSS.<\/p>\n\n\n\n<p>Hemos ayudado a muchos clientes a lograr el cumplimiento de la Norma a trav\u00e9s de nuestros servicios de consultor\u00eda, pero tambi\u00e9n estamos dispuestos a cotizar simplemente el servicio de Auditor\u00eda QSA, si cree que su empresa ya cumple con la Norma. Para obtener informaci\u00f3n m\u00e1s detallada, no dude en contactarnos.<\/p>\n\n\n\n<div style=\"height:50px\" aria-hidden=\"true\" class=\"wp-block-spacer\"><\/div>\n<\/div><\/section>\n","protected":false},"excerpt":{"rendered":"","protected":false},"author":4,"featured_media":0,"parent":0,"menu_order":0,"comment_status":"closed","ping_status":"closed","template":"","meta":{"_uag_custom_page_level_css":"","_monsterinsights_skip_tracking":false,"_monsterinsights_sitenote_active":false,"_monsterinsights_sitenote_note":"","_monsterinsights_sitenote_category":0,"site-sidebar-layout":"default","site-content-layout":"page-builder","ast-site-content-layout":"default","site-content-style":"default","site-sidebar-style":"default","ast-global-header-display":"","ast-banner-title-visibility":"","ast-main-header-display":"","ast-hfb-above-header-display":"","ast-hfb-below-header-display":"","ast-hfb-mobile-header-display":"","site-post-title":"disabled","ast-breadcrumbs-content":"","ast-featured-img":"","footer-sml-layout":"","ast-disable-related-posts":"","theme-transparent-header-meta":"enabled","adv-header-id-meta":"","stick-header-meta":"","header-above-stick-meta":"","header-main-stick-meta":"","header-below-stick-meta":"","astra-migrate-meta-layouts":"default","ast-page-background-enabled":"default","ast-page-background-meta":{"desktop":{"background-color":"","background-image":"","background-repeat":"repeat","background-position":"center center","background-size":"auto","background-attachment":"scroll","background-type":"","background-media":"","overlay-type":"","overlay-color":"","overlay-opacity":"","overlay-gradient":""},"tablet":{"background-color":"","background-image":"","background-repeat":"repeat","background-position":"center center","background-size":"auto","background-attachment":"scroll","background-type":"","background-media":"","overlay-type":"","overlay-color":"","overlay-opacity":"","overlay-gradient":""},"mobile":{"background-color":"","background-image":"","background-repeat":"repeat","background-position":"center center","background-size":"auto","background-attachment":"scroll","background-type":"","background-media":"","overlay-type":"","overlay-color":"","overlay-opacity":"","overlay-gradient":""}},"ast-content-background-meta":{"desktop":{"background-color":"var(--ast-global-color-5)","background-image":"","background-repeat":"repeat","background-position":"center center","background-size":"auto","background-attachment":"scroll","background-type":"","background-media":"","overlay-type":"","overlay-color":"","overlay-opacity":"","overlay-gradient":""},"tablet":{"background-color":"var(--ast-global-color-5)","background-image":"","background-repeat":"repeat","background-position":"center center","background-size":"auto","background-attachment":"scroll","background-type":"","background-media":"","overlay-type":"","overlay-color":"","overlay-opacity":"","overlay-gradient":""},"mobile":{"background-color":"var(--ast-global-color-5)","background-image":"","background-repeat":"repeat","background-position":"center center","background-size":"auto","background-attachment":"scroll","background-type":"","background-media":"","overlay-type":"","overlay-color":"","overlay-opacity":"","overlay-gradient":""}},"footnotes":""},"class_list":["post-616","page","type-page","status-publish","hentry"],"yoast_head":"<!-- This site is optimized with the Yoast SEO plugin v27.2 - https:\/\/yoast.com\/product\/yoast-seo-wordpress\/ -->\n<title>PCI DSS QSA - Eporedia<\/title>\n<meta name=\"description\" content=\"Eporedia es un Asesor de Seguridad Calificado (QSA por su abreviatura en ingl\u00e9s) aprobado y registrado ante el Consejo de Seguridad de Datos de la Industria de Tarjetas de Pago.\" \/>\n<meta name=\"robots\" content=\"index, follow, max-snippet:-1, max-image-preview:large, max-video-preview:-1\" \/>\n<link rel=\"canonical\" href=\"https:\/\/www.eporedia.com\/es\/pci-dss-qsa\/\" \/>\n<meta property=\"og:locale\" content=\"es_ES\" \/>\n<meta property=\"og:type\" content=\"article\" \/>\n<meta property=\"og:title\" content=\"PCI DSS QSA - Eporedia\" \/>\n<meta property=\"og:description\" content=\"Eporedia es un Asesor de Seguridad Calificado (QSA por su abreviatura en ingl\u00e9s) aprobado y registrado ante el Consejo de Seguridad de Datos de la Industria de Tarjetas de Pago.\" \/>\n<meta property=\"og:url\" content=\"https:\/\/www.eporedia.com\/es\/pci-dss-qsa\/\" \/>\n<meta property=\"og:site_name\" content=\"Eporedia\" \/>\n<meta property=\"article:modified_time\" content=\"2019-07-09T11:06:10+00:00\" \/>\n<meta property=\"og:image\" content=\"https:\/\/www.eporedia.com\/wp-content\/uploads\/2014\/03\/pcissc_qsa.gif\" \/>\n<meta name=\"twitter:label1\" content=\"Tiempo de lectura\" \/>\n\t<meta name=\"twitter:data1\" content=\"2 minutos\" \/>\n<script type=\"application\/ld+json\" class=\"yoast-schema-graph\">{\"@context\":\"https:\/\/schema.org\",\"@graph\":[{\"@type\":\"WebPage\",\"@id\":\"https:\/\/www.eporedia.com\/es\/pci-dss-qsa\/\",\"url\":\"https:\/\/www.eporedia.com\/es\/pci-dss-qsa\/\",\"name\":\"PCI DSS QSA - Eporedia\",\"isPartOf\":{\"@id\":\"https:\/\/www.eporedia.com\/es\/#website\"},\"datePublished\":\"2014-03-06T13:35:30+00:00\",\"dateModified\":\"2019-07-09T11:06:10+00:00\",\"description\":\"Eporedia es un Asesor de Seguridad Calificado (QSA por su abreviatura en ingl\u00e9s) aprobado y registrado ante el Consejo de Seguridad de Datos de la Industria de Tarjetas de Pago.\",\"breadcrumb\":{\"@id\":\"https:\/\/www.eporedia.com\/es\/pci-dss-qsa\/#breadcrumb\"},\"inLanguage\":\"es\",\"potentialAction\":[{\"@type\":\"ReadAction\",\"target\":[\"https:\/\/www.eporedia.com\/es\/pci-dss-qsa\/\"]}]},{\"@type\":\"BreadcrumbList\",\"@id\":\"https:\/\/www.eporedia.com\/es\/pci-dss-qsa\/#breadcrumb\",\"itemListElement\":[{\"@type\":\"ListItem\",\"position\":1,\"name\":\"Home\",\"item\":\"https:\/\/www.eporedia.com\/es\/\"},{\"@type\":\"ListItem\",\"position\":2,\"name\":\"PCI DSS QSA\"}]},{\"@type\":\"WebSite\",\"@id\":\"https:\/\/www.eporedia.com\/es\/#website\",\"url\":\"https:\/\/www.eporedia.com\/es\/\",\"name\":\"Eporedia\",\"description\":\"Your IT Security Partners\",\"publisher\":{\"@id\":\"https:\/\/www.eporedia.com\/es\/#organization\"},\"potentialAction\":[{\"@type\":\"SearchAction\",\"target\":{\"@type\":\"EntryPoint\",\"urlTemplate\":\"https:\/\/www.eporedia.com\/es\/?s={search_term_string}\"},\"query-input\":{\"@type\":\"PropertyValueSpecification\",\"valueRequired\":true,\"valueName\":\"search_term_string\"}}],\"inLanguage\":\"es\"},{\"@type\":\"Organization\",\"@id\":\"https:\/\/www.eporedia.com\/es\/#organization\",\"name\":\"Eporedia\",\"url\":\"https:\/\/www.eporedia.com\/es\/\",\"logo\":{\"@type\":\"ImageObject\",\"inLanguage\":\"es\",\"@id\":\"https:\/\/www.eporedia.com\/es\/#\/schema\/logo\/image\/\",\"url\":\"https:\/\/www.eporedia.com\/wp-content\/uploads\/2019\/06\/cropped-Logo_eporedia1-e1396441304476-1.png\",\"contentUrl\":\"https:\/\/www.eporedia.com\/wp-content\/uploads\/2019\/06\/cropped-Logo_eporedia1-e1396441304476-1.png\",\"width\":260,\"height\":73,\"caption\":\"Eporedia\"},\"image\":{\"@id\":\"https:\/\/www.eporedia.com\/es\/#\/schema\/logo\/image\/\"}}]}<\/script>\n<!-- \/ Yoast SEO plugin. -->","yoast_head_json":{"title":"PCI DSS QSA - Eporedia","description":"Eporedia es un Asesor de Seguridad Calificado (QSA por su abreviatura en ingl\u00e9s) aprobado y registrado ante el Consejo de Seguridad de Datos de la Industria de Tarjetas de Pago.","robots":{"index":"index","follow":"follow","max-snippet":"max-snippet:-1","max-image-preview":"max-image-preview:large","max-video-preview":"max-video-preview:-1"},"canonical":"https:\/\/www.eporedia.com\/es\/pci-dss-qsa\/","og_locale":"es_ES","og_type":"article","og_title":"PCI DSS QSA - Eporedia","og_description":"Eporedia es un Asesor de Seguridad Calificado (QSA por su abreviatura en ingl\u00e9s) aprobado y registrado ante el Consejo de Seguridad de Datos de la Industria de Tarjetas de Pago.","og_url":"https:\/\/www.eporedia.com\/es\/pci-dss-qsa\/","og_site_name":"Eporedia","article_modified_time":"2019-07-09T11:06:10+00:00","og_image":[{"url":"https:\/\/www.eporedia.com\/wp-content\/uploads\/2014\/03\/pcissc_qsa.gif","type":"","width":"","height":""}],"twitter_misc":{"Tiempo de lectura":"2 minutos"},"schema":{"@context":"https:\/\/schema.org","@graph":[{"@type":"WebPage","@id":"https:\/\/www.eporedia.com\/es\/pci-dss-qsa\/","url":"https:\/\/www.eporedia.com\/es\/pci-dss-qsa\/","name":"PCI DSS QSA - Eporedia","isPartOf":{"@id":"https:\/\/www.eporedia.com\/es\/#website"},"datePublished":"2014-03-06T13:35:30+00:00","dateModified":"2019-07-09T11:06:10+00:00","description":"Eporedia es un Asesor de Seguridad Calificado (QSA por su abreviatura en ingl\u00e9s) aprobado y registrado ante el Consejo de Seguridad de Datos de la Industria de Tarjetas de Pago.","breadcrumb":{"@id":"https:\/\/www.eporedia.com\/es\/pci-dss-qsa\/#breadcrumb"},"inLanguage":"es","potentialAction":[{"@type":"ReadAction","target":["https:\/\/www.eporedia.com\/es\/pci-dss-qsa\/"]}]},{"@type":"BreadcrumbList","@id":"https:\/\/www.eporedia.com\/es\/pci-dss-qsa\/#breadcrumb","itemListElement":[{"@type":"ListItem","position":1,"name":"Home","item":"https:\/\/www.eporedia.com\/es\/"},{"@type":"ListItem","position":2,"name":"PCI DSS QSA"}]},{"@type":"WebSite","@id":"https:\/\/www.eporedia.com\/es\/#website","url":"https:\/\/www.eporedia.com\/es\/","name":"Eporedia","description":"Your IT Security Partners","publisher":{"@id":"https:\/\/www.eporedia.com\/es\/#organization"},"potentialAction":[{"@type":"SearchAction","target":{"@type":"EntryPoint","urlTemplate":"https:\/\/www.eporedia.com\/es\/?s={search_term_string}"},"query-input":{"@type":"PropertyValueSpecification","valueRequired":true,"valueName":"search_term_string"}}],"inLanguage":"es"},{"@type":"Organization","@id":"https:\/\/www.eporedia.com\/es\/#organization","name":"Eporedia","url":"https:\/\/www.eporedia.com\/es\/","logo":{"@type":"ImageObject","inLanguage":"es","@id":"https:\/\/www.eporedia.com\/es\/#\/schema\/logo\/image\/","url":"https:\/\/www.eporedia.com\/wp-content\/uploads\/2019\/06\/cropped-Logo_eporedia1-e1396441304476-1.png","contentUrl":"https:\/\/www.eporedia.com\/wp-content\/uploads\/2019\/06\/cropped-Logo_eporedia1-e1396441304476-1.png","width":260,"height":73,"caption":"Eporedia"},"image":{"@id":"https:\/\/www.eporedia.com\/es\/#\/schema\/logo\/image\/"}}]}},"uagb_featured_image_src":{"full":false,"thumbnail":false,"medium":false,"medium_large":false,"large":false,"1536x1536":false,"2048x2048":false},"uagb_author_info":{"display_name":"admin_eporedia","author_link":"https:\/\/www.eporedia.com\/es\/author\/admin_eporedia\/"},"uagb_comment_info":0,"uagb_excerpt":null,"_links":{"self":[{"href":"https:\/\/www.eporedia.com\/es\/wp-json\/wp\/v2\/pages\/616","targetHints":{"allow":["GET"]}}],"collection":[{"href":"https:\/\/www.eporedia.com\/es\/wp-json\/wp\/v2\/pages"}],"about":[{"href":"https:\/\/www.eporedia.com\/es\/wp-json\/wp\/v2\/types\/page"}],"author":[{"embeddable":true,"href":"https:\/\/www.eporedia.com\/es\/wp-json\/wp\/v2\/users\/4"}],"replies":[{"embeddable":true,"href":"https:\/\/www.eporedia.com\/es\/wp-json\/wp\/v2\/comments?post=616"}],"version-history":[{"count":8,"href":"https:\/\/www.eporedia.com\/es\/wp-json\/wp\/v2\/pages\/616\/revisions"}],"predecessor-version":[{"id":1002,"href":"https:\/\/www.eporedia.com\/es\/wp-json\/wp\/v2\/pages\/616\/revisions\/1002"}],"wp:attachment":[{"href":"https:\/\/www.eporedia.com\/es\/wp-json\/wp\/v2\/media?parent=616"}],"curies":[{"name":"wp","href":"https:\/\/api.w.org\/{rel}","templated":true}]}}